{"id":99517,"date":"2025-11-21T12:46:10","date_gmt":"2025-11-21T11:46:10","guid":{"rendered":"https:\/\/elemente-clemente.de\/?post_type=product&#038;p=99517"},"modified":"2026-04-28T02:10:11","modified_gmt":"2026-04-28T00:10:11","slug":"shirt-ute-hw0-u2d664-1184","status":"publish","type":"product","link":"https:\/\/elemente-clemente.de\/en\/shop\/frauuuhlig\/shirt-ute-hw0-u2d664-1184\/","title":{"rendered":"Batik-Shirt Ute aus Bio-Baumwolle"},"content":{"rendered":"<p class=\"p1\">Wir haben den Dreh raus \u2013 beim Langarmshirt \u201eUte\u201c aus Bio- Baumwolle sind zwei raffinierte Dreieckselemente am Saum eingesetzt \u2013 unser Twist l\u00e4sst weibliche Figuren unbeschreiblich aussehen! Das hochwertige Material sorgt f\u00fcr ein superweiches Tragegef\u00fchl.<\/p>\n","protected":false},"excerpt":{"rendered":"<p>Limitiertes Langarmshirt<\/p>\n","protected":false},"featured_media":123514,"comment_status":"open","ping_status":"closed","template":"","meta":{"_acf_changed":false},"product_cat":[923],"product_tag":[],"class_list":{"0":"post-99517","1":"product","2":"type-product","3":"status-publish","4":"has-post-thumbnail","6":"product_cat-frauuuhlig","8":"first","9":"instock","10":"taxable","11":"shipping-taxable","12":"purchasable","13":"product-type-variable","14":"wvs-archive-product-wrapper"},"acf":[],"_links":{"self":[{"href":"https:\/\/elemente-clemente.de\/en\/wp-json\/wp\/v2\/product\/99517","targetHints":{"allow":["GET"]}}],"collection":[{"href":"https:\/\/elemente-clemente.de\/en\/wp-json\/wp\/v2\/product"}],"about":[{"href":"https:\/\/elemente-clemente.de\/en\/wp-json\/wp\/v2\/types\/product"}],"replies":[{"embeddable":true,"href":"https:\/\/elemente-clemente.de\/en\/wp-json\/wp\/v2\/comments?post=99517"}],"wp:featuredmedia":[{"embeddable":true,"href":"https:\/\/elemente-clemente.de\/en\/wp-json\/wp\/v2\/media\/123514"}],"wp:attachment":[{"href":"https:\/\/elemente-clemente.de\/en\/wp-json\/wp\/v2\/media?parent=99517"}],"wp:term":[{"taxonomy":"product_cat","embeddable":true,"href":"https:\/\/elemente-clemente.de\/en\/wp-json\/wp\/v2\/product_cat?post=99517"},{"taxonomy":"product_tag","embeddable":true,"href":"https:\/\/elemente-clemente.de\/en\/wp-json\/wp\/v2\/product_tag?post=99517"}],"curies":[{"name":"wp","href":"https:\/\/api.w.org\/{rel}","templated":true}]}}