{"id":89218,"date":"2025-09-25T19:57:05","date_gmt":"2025-09-25T17:57:05","guid":{"rendered":"https:\/\/elemente-clemente.de\/?post_type=product&#038;p=89218"},"modified":"2026-04-19T01:53:10","modified_gmt":"2026-04-18T23:53:10","slug":"shirt-elena-hw0-u2d681-1183","status":"publish","type":"product","link":"https:\/\/elemente-clemente.de\/en\/shop\/frauuuhlig\/shirt-elena-hw0-u2d681-1183\/","title":{"rendered":"Shirt Elena mit zarter Silberfolienbeschichtung"},"content":{"rendered":"<p class=\"p1\">T-Shirt Elena aus hochwertigem Bio-Baumwolljersey mit zarter Silberfolienbeschichtung f\u00fcr besondere Anl\u00e4sse.<br \/>\nZwei Dreieckselemente am Saum und der dadurch entstehende Twist schmeicheln kurvigen Figuren.<br \/>\nDie Bio-Baumwolle auf der Haut f\u00fchlt sich gut an und sorgt f\u00fcr einen angenehmen Tragekomfort.<\/p>\n<p><strong>Tipp zur Pflege<\/strong>: achtet auf die Folie, damit der Glanz lange bleibt, von links waschen und b\u00fcgeln: Schonwaschgang 30\u00b0, niedrige B\u00fcgeltemperatur (1 Punkt)<\/p>\n<p>Elena tr\u00e4gt Gr\u00f6\u00dfe unbeschreiblich weiblich (4)<\/p>\n","protected":false},"excerpt":{"rendered":"<p>Besonderes Kurzarmshirt aus Bio-Baumwolle<\/p>\n","protected":false},"featured_media":89228,"comment_status":"open","ping_status":"closed","template":"","meta":{"_acf_changed":false},"product_cat":[923],"product_tag":[],"class_list":{"0":"post-89218","1":"product","2":"type-product","3":"status-publish","4":"has-post-thumbnail","6":"product_cat-frauuuhlig","8":"first","9":"outofstock","10":"taxable","11":"shipping-taxable","12":"purchasable","13":"product-type-variable","14":"has-default-attributes","15":"wvs-archive-product-wrapper"},"acf":[],"_links":{"self":[{"href":"https:\/\/elemente-clemente.de\/en\/wp-json\/wp\/v2\/product\/89218","targetHints":{"allow":["GET"]}}],"collection":[{"href":"https:\/\/elemente-clemente.de\/en\/wp-json\/wp\/v2\/product"}],"about":[{"href":"https:\/\/elemente-clemente.de\/en\/wp-json\/wp\/v2\/types\/product"}],"replies":[{"embeddable":true,"href":"https:\/\/elemente-clemente.de\/en\/wp-json\/wp\/v2\/comments?post=89218"}],"wp:featuredmedia":[{"embeddable":true,"href":"https:\/\/elemente-clemente.de\/en\/wp-json\/wp\/v2\/media\/89228"}],"wp:attachment":[{"href":"https:\/\/elemente-clemente.de\/en\/wp-json\/wp\/v2\/media?parent=89218"}],"wp:term":[{"taxonomy":"product_cat","embeddable":true,"href":"https:\/\/elemente-clemente.de\/en\/wp-json\/wp\/v2\/product_cat?post=89218"},{"taxonomy":"product_tag","embeddable":true,"href":"https:\/\/elemente-clemente.de\/en\/wp-json\/wp\/v2\/product_tag?post=89218"}],"curies":[{"name":"wp","href":"https:\/\/api.w.org\/{rel}","templated":true}]}}