{"id":89210,"date":"2025-09-25T19:52:13","date_gmt":"2025-09-25T17:52:13","guid":{"rendered":"https:\/\/elemente-clemente.de\/?post_type=product&#038;p=89210"},"modified":"2026-04-28T11:20:20","modified_gmt":"2026-04-28T09:20:20","slug":"shirt-rike-hw0-u2d618-1183","status":"publish","type":"product","link":"https:\/\/elemente-clemente.de\/en\/shop\/frauuuhlig\/shirt-rike-hw0-u2d618-1183\/","title":{"rendered":"The Shirt aus Bio-Baumwolle mit zarter Silberfolienbeschichtung"},"content":{"rendered":"<p class=\"p1\">The Shirt aus Bio-Baumwolle mit zarter Silberfolienbeschichtung f\u00fcr besondere Anl\u00e4sse. Raglan\u00e4rmeln und V-Ausschnitt sorgen f\u00fcr eine feminine, legere Passform .<br \/>\nDie zwei Dreieckselemente am Saum und der dadurch entstehende Twist schmeicheln kurvigen Figuren.<br \/>\nDie Bio-Baumwolle auf der Haut f\u00fchlt sich angenehm an und macht das Shirt nachhaltig tragbar.<\/p>\n<p><strong>Tipp zur Pflege<\/strong>: achtet auf die Folie, damit der Glanz lange bleibt, von links waschen und b\u00fcgeln: Schonwaschgang 30\u00b0, niedrige B\u00fcgeltemperatur (1 Punkt)<\/p>\n<p>Elena tr\u00e4gt Gr\u00f6\u00dfe unbeschreiblich weiblich (4)<\/p>\n","protected":false},"excerpt":{"rendered":"<p>Das Must-Have mit Raglan\u00e4rmel<\/p>\n","protected":false},"featured_media":89238,"comment_status":"open","ping_status":"closed","template":"","meta":{"_acf_changed":false},"product_cat":[923],"product_tag":[],"class_list":{"0":"post-89210","1":"product","2":"type-product","3":"status-publish","4":"has-post-thumbnail","6":"product_cat-frauuuhlig","8":"first","9":"instock","10":"taxable","11":"shipping-taxable","12":"purchasable","13":"product-type-variable","14":"has-default-attributes","15":"wvs-archive-product-wrapper"},"acf":[],"_links":{"self":[{"href":"https:\/\/elemente-clemente.de\/en\/wp-json\/wp\/v2\/product\/89210","targetHints":{"allow":["GET"]}}],"collection":[{"href":"https:\/\/elemente-clemente.de\/en\/wp-json\/wp\/v2\/product"}],"about":[{"href":"https:\/\/elemente-clemente.de\/en\/wp-json\/wp\/v2\/types\/product"}],"replies":[{"embeddable":true,"href":"https:\/\/elemente-clemente.de\/en\/wp-json\/wp\/v2\/comments?post=89210"}],"wp:featuredmedia":[{"embeddable":true,"href":"https:\/\/elemente-clemente.de\/en\/wp-json\/wp\/v2\/media\/89238"}],"wp:attachment":[{"href":"https:\/\/elemente-clemente.de\/en\/wp-json\/wp\/v2\/media?parent=89210"}],"wp:term":[{"taxonomy":"product_cat","embeddable":true,"href":"https:\/\/elemente-clemente.de\/en\/wp-json\/wp\/v2\/product_cat?post=89210"},{"taxonomy":"product_tag","embeddable":true,"href":"https:\/\/elemente-clemente.de\/en\/wp-json\/wp\/v2\/product_tag?post=89210"}],"curies":[{"name":"wp","href":"https:\/\/api.w.org\/{rel}","templated":true}]}}