{"id":87802,"date":"2025-09-23T10:47:44","date_gmt":"2025-09-23T08:47:44","guid":{"rendered":"https:\/\/elemente-clemente.de\/?post_type=product&#038;p=87802"},"modified":"2026-04-17T03:55:21","modified_gmt":"2026-04-17T01:55:21","slug":"blouse-timia-hw25-c25d118-1126","status":"publish","type":"product","link":"https:\/\/elemente-clemente.de\/en\/shop\/herbst-winter-2025\/bluse-2\/blouse-timia-hw25-c25d118-1126\/","title":{"rendered":"BLUSE TIMIA AUS BIO-POPELINE"},"content":{"rendered":"<p class=\"p1\">A-f\u00f6rmige Bluse mit klassischem Kragen<\/p>\n<p>Verdeckte Knopfleiste<br \/>Flie\u00dfendes R\u00fcckteil<br \/>Seitennahttaschen<br \/>Kurze Schlitze seitlich am Saum<\/p>\n","protected":false},"excerpt":{"rendered":"<p>A-f\u00f6rmige Bluse mit klassischem Kragen Verdeckte KnopfleisteFlie\u00dfendes R\u00fcckteilSeitennahttaschenKurze Schlitze seitlich am Saum<\/p>\n","protected":false},"featured_media":122738,"comment_status":"open","ping_status":"closed","template":"","meta":{"_acf_changed":false},"product_cat":[1149,1151],"product_tag":[],"class_list":{"0":"post-87802","1":"product","2":"type-product","3":"status-publish","4":"has-post-thumbnail","6":"product_cat-herbst-winter-2025","7":"product_cat-bluse-2","9":"first","10":"instock","11":"sale","12":"taxable","13":"shipping-taxable","14":"purchasable","15":"product-type-variable","16":"wvs-archive-product-wrapper"},"acf":[],"_links":{"self":[{"href":"https:\/\/elemente-clemente.de\/en\/wp-json\/wp\/v2\/product\/87802","targetHints":{"allow":["GET"]}}],"collection":[{"href":"https:\/\/elemente-clemente.de\/en\/wp-json\/wp\/v2\/product"}],"about":[{"href":"https:\/\/elemente-clemente.de\/en\/wp-json\/wp\/v2\/types\/product"}],"replies":[{"embeddable":true,"href":"https:\/\/elemente-clemente.de\/en\/wp-json\/wp\/v2\/comments?post=87802"}],"wp:featuredmedia":[{"embeddable":true,"href":"https:\/\/elemente-clemente.de\/en\/wp-json\/wp\/v2\/media\/122738"}],"wp:attachment":[{"href":"https:\/\/elemente-clemente.de\/en\/wp-json\/wp\/v2\/media?parent=87802"}],"wp:term":[{"taxonomy":"product_cat","embeddable":true,"href":"https:\/\/elemente-clemente.de\/en\/wp-json\/wp\/v2\/product_cat?post=87802"},{"taxonomy":"product_tag","embeddable":true,"href":"https:\/\/elemente-clemente.de\/en\/wp-json\/wp\/v2\/product_tag?post=87802"}],"curies":[{"name":"wp","href":"https:\/\/api.w.org\/{rel}","templated":true}]}}