{"id":87041,"date":"2025-09-22T12:30:09","date_gmt":"2025-09-22T10:30:09","guid":{"rendered":"https:\/\/elemente-clemente.de\/?post_type=product&#038;p=87041"},"modified":"2026-04-06T03:20:21","modified_gmt":"2026-04-06T01:20:21","slug":"blouse-tege-hw25-c25d134-1158","status":"publish","type":"product","link":"https:\/\/elemente-clemente.de\/en\/shop\/herbst-winter-2025\/bluse-2\/blouse-tege-hw25-c25d134-1158\/","title":{"rendered":"Bluse Tege aus recycelter Mikrofaser"},"content":{"rendered":"<p class=\"p1\">Kastig geschnittene Bluse<\/p>\n<p>Kleiner Kragen<br \/>Fledermaus\u00e4rmel mit \u00c4rmellaschen<br \/>Durchgehende Knopfleiste<br \/>Vorne k\u00fcrzer und seitliche kleine Schlitze<\/p>\n","protected":false},"excerpt":{"rendered":"<p>Kastig geschnittene Bluse Kleiner KragenFledermaus\u00e4rmel mit \u00c4rmellaschenDurchgehende KnopfleisteVorne k\u00fcrzer und seitliche kleine Schlitze<\/p>\n","protected":false},"featured_media":122776,"comment_status":"open","ping_status":"closed","template":"","meta":{"_acf_changed":false},"product_cat":[1149,1151],"product_tag":[],"class_list":{"0":"post-87041","1":"product","2":"type-product","3":"status-publish","4":"has-post-thumbnail","6":"product_cat-herbst-winter-2025","7":"product_cat-bluse-2","9":"first","10":"instock","11":"sale","12":"taxable","13":"shipping-taxable","14":"purchasable","15":"product-type-variable","16":"wvs-archive-product-wrapper"},"acf":[],"_links":{"self":[{"href":"https:\/\/elemente-clemente.de\/en\/wp-json\/wp\/v2\/product\/87041","targetHints":{"allow":["GET"]}}],"collection":[{"href":"https:\/\/elemente-clemente.de\/en\/wp-json\/wp\/v2\/product"}],"about":[{"href":"https:\/\/elemente-clemente.de\/en\/wp-json\/wp\/v2\/types\/product"}],"replies":[{"embeddable":true,"href":"https:\/\/elemente-clemente.de\/en\/wp-json\/wp\/v2\/comments?post=87041"}],"wp:featuredmedia":[{"embeddable":true,"href":"https:\/\/elemente-clemente.de\/en\/wp-json\/wp\/v2\/media\/122776"}],"wp:attachment":[{"href":"https:\/\/elemente-clemente.de\/en\/wp-json\/wp\/v2\/media?parent=87041"}],"wp:term":[{"taxonomy":"product_cat","embeddable":true,"href":"https:\/\/elemente-clemente.de\/en\/wp-json\/wp\/v2\/product_cat?post=87041"},{"taxonomy":"product_tag","embeddable":true,"href":"https:\/\/elemente-clemente.de\/en\/wp-json\/wp\/v2\/product_tag?post=87041"}],"curies":[{"name":"wp","href":"https:\/\/api.w.org\/{rel}","templated":true}]}}