{"id":81891,"date":"2025-08-24T18:45:08","date_gmt":"2025-08-24T16:45:08","guid":{"rendered":"https:\/\/elemente-clemente.de\/?post_type=product&#038;p=81891"},"modified":"2026-04-29T05:43:23","modified_gmt":"2026-04-29T03:43:23","slug":"shirt-diva-hw25-c25d605-966kd","status":"publish","type":"product","link":"https:\/\/elemente-clemente.de\/en\/shop\/herbst-winter-2025\/shirt-top-2\/shirt-diva-hw25-c25d605-966kd\/","title":{"rendered":"Shirt Diva aus Wollwalk mit Flanell-Touch"},"content":{"rendered":"<p class=\"p1\">Kastig geschnittenes Shirt mit \u00fcberschnittenen Schultern<\/p>\n<p>Weiter Stehkragen<br \/>Kurze \u00c4rmel<br \/>Verk\u00fcrzte L\u00e4nge<\/p>\n","protected":false},"excerpt":{"rendered":"<p>Kastig geschnittenes Shirt mit \u00fcberschnittenen Schultern Weiter StehkragenKurze \u00c4rmelVerk\u00fcrzte L\u00e4nge<\/p>\n","protected":false},"featured_media":123238,"comment_status":"open","ping_status":"closed","template":"","meta":{"_acf_changed":false},"product_cat":[1149,1152],"product_tag":[],"class_list":{"0":"post-81891","1":"product","2":"type-product","3":"status-publish","4":"has-post-thumbnail","6":"product_cat-herbst-winter-2025","7":"product_cat-shirt-top-2","9":"first","10":"instock","11":"sale","12":"taxable","13":"shipping-taxable","14":"purchasable","15":"product-type-variable","16":"wvs-archive-product-wrapper"},"acf":[],"_links":{"self":[{"href":"https:\/\/elemente-clemente.de\/en\/wp-json\/wp\/v2\/product\/81891","targetHints":{"allow":["GET"]}}],"collection":[{"href":"https:\/\/elemente-clemente.de\/en\/wp-json\/wp\/v2\/product"}],"about":[{"href":"https:\/\/elemente-clemente.de\/en\/wp-json\/wp\/v2\/types\/product"}],"replies":[{"embeddable":true,"href":"https:\/\/elemente-clemente.de\/en\/wp-json\/wp\/v2\/comments?post=81891"}],"wp:featuredmedia":[{"embeddable":true,"href":"https:\/\/elemente-clemente.de\/en\/wp-json\/wp\/v2\/media\/123238"}],"wp:attachment":[{"href":"https:\/\/elemente-clemente.de\/en\/wp-json\/wp\/v2\/media?parent=81891"}],"wp:term":[{"taxonomy":"product_cat","embeddable":true,"href":"https:\/\/elemente-clemente.de\/en\/wp-json\/wp\/v2\/product_cat?post=81891"},{"taxonomy":"product_tag","embeddable":true,"href":"https:\/\/elemente-clemente.de\/en\/wp-json\/wp\/v2\/product_tag?post=81891"}],"curies":[{"name":"wp","href":"https:\/\/api.w.org\/{rel}","templated":true}]}}