{"id":81756,"date":"2025-08-24T18:30:02","date_gmt":"2025-08-24T16:30:02","guid":{"rendered":"https:\/\/elemente-clemente.de\/?post_type=product&#038;p=81756"},"modified":"2026-04-29T05:01:31","modified_gmt":"2026-04-29T03:01:31","slug":"blazer-bangui-hw25-c25d380-966kd","status":"publish","type":"product","link":"https:\/\/elemente-clemente.de\/en\/shop\/herbst-winter-2025\/jacke-mantel-2\/blazer-bangui-hw25-c25d380-966kd\/","title":{"rendered":"Blazer Bangui aus Wollwalk mit Flanell-Touch"},"content":{"rendered":"<p class=\"p1\">Klassischer Blazer mit Reverskragen,<\/p>\n<p>Gro\u00dfe aufgesetzten Taschen<br \/>Schlitz im R\u00fccken<br \/>Verschluss mit zwei Kn\u00f6pfen vorne<\/p>\n","protected":false},"excerpt":{"rendered":"<p>Klassischer Blazer mit Reverskragen, Gro\u00dfe aufgesetzten TaschenSchlitz im R\u00fcckenVerschluss mit zwei Kn\u00f6pfen vorne<\/p>\n","protected":false},"featured_media":123036,"comment_status":"open","ping_status":"closed","template":"","meta":{"_acf_changed":false},"product_cat":[1149,1154],"product_tag":[],"class_list":{"0":"post-81756","1":"product","2":"type-product","3":"status-publish","4":"has-post-thumbnail","6":"product_cat-herbst-winter-2025","7":"product_cat-jacke-mantel-2","9":"first","10":"instock","11":"sale","12":"taxable","13":"shipping-taxable","14":"purchasable","15":"product-type-variable","16":"wvs-archive-product-wrapper"},"acf":[],"_links":{"self":[{"href":"https:\/\/elemente-clemente.de\/en\/wp-json\/wp\/v2\/product\/81756","targetHints":{"allow":["GET"]}}],"collection":[{"href":"https:\/\/elemente-clemente.de\/en\/wp-json\/wp\/v2\/product"}],"about":[{"href":"https:\/\/elemente-clemente.de\/en\/wp-json\/wp\/v2\/types\/product"}],"replies":[{"embeddable":true,"href":"https:\/\/elemente-clemente.de\/en\/wp-json\/wp\/v2\/comments?post=81756"}],"wp:featuredmedia":[{"embeddable":true,"href":"https:\/\/elemente-clemente.de\/en\/wp-json\/wp\/v2\/media\/123036"}],"wp:attachment":[{"href":"https:\/\/elemente-clemente.de\/en\/wp-json\/wp\/v2\/media?parent=81756"}],"wp:term":[{"taxonomy":"product_cat","embeddable":true,"href":"https:\/\/elemente-clemente.de\/en\/wp-json\/wp\/v2\/product_cat?post=81756"},{"taxonomy":"product_tag","embeddable":true,"href":"https:\/\/elemente-clemente.de\/en\/wp-json\/wp\/v2\/product_tag?post=81756"}],"curies":[{"name":"wp","href":"https:\/\/api.w.org\/{rel}","templated":true}]}}