{"id":81458,"date":"2025-08-24T18:09:45","date_gmt":"2025-08-24T16:09:45","guid":{"rendered":"https:\/\/elemente-clemente.de\/?post_type=product&#038;p=81458"},"modified":"2026-04-29T04:38:20","modified_gmt":"2026-04-29T02:38:20","slug":"pants-geisha-long-hw25-c25d273-021","status":"publish","type":"product","link":"https:\/\/elemente-clemente.de\/en\/shop\/herbst-winter-2025\/hose-2\/pants-geisha-long-hw25-c25d273-021\/","title":{"rendered":"Hose Geisha aus 100% Schurwolle upcycling"},"content":{"rendered":"<p class=\"p1\">Bequeme, anliegende Hose mit elastischem Gummizug im hinteren Bund<\/p>\n<p>Vorne flacher, fester Taillenbund<br \/>Elastischer Gummizug im hinteren Bund<br \/>Fixierter Beinaufschlag f\u00fcr eine angesagte, verk\u00fcrzte L\u00e4nge<br \/>Seitliche Paspel Taschen<\/p>\n","protected":false},"excerpt":{"rendered":"<p>Bequeme, anliegende Hose mit elastischem Gummizug im hinteren Bund Vorne flacher, fester TaillenbundElastischer Gummizug im hinteren BundFixierter Beinaufschlag f\u00fcr eine angesagte, verk\u00fcrzte L\u00e4ngeSeitliche Paspel Taschen<\/p>\n","protected":false},"featured_media":122910,"comment_status":"open","ping_status":"closed","template":"","meta":{"_acf_changed":false},"product_cat":[1149,1150],"product_tag":[],"class_list":{"0":"post-81458","1":"product","2":"type-product","3":"status-publish","4":"has-post-thumbnail","6":"product_cat-herbst-winter-2025","7":"product_cat-hose-2","9":"first","10":"instock","11":"sale","12":"taxable","13":"shipping-taxable","14":"purchasable","15":"product-type-variable","16":"wvs-archive-product-wrapper"},"acf":[],"_links":{"self":[{"href":"https:\/\/elemente-clemente.de\/en\/wp-json\/wp\/v2\/product\/81458","targetHints":{"allow":["GET"]}}],"collection":[{"href":"https:\/\/elemente-clemente.de\/en\/wp-json\/wp\/v2\/product"}],"about":[{"href":"https:\/\/elemente-clemente.de\/en\/wp-json\/wp\/v2\/types\/product"}],"replies":[{"embeddable":true,"href":"https:\/\/elemente-clemente.de\/en\/wp-json\/wp\/v2\/comments?post=81458"}],"wp:featuredmedia":[{"embeddable":true,"href":"https:\/\/elemente-clemente.de\/en\/wp-json\/wp\/v2\/media\/122910"}],"wp:attachment":[{"href":"https:\/\/elemente-clemente.de\/en\/wp-json\/wp\/v2\/media?parent=81458"}],"wp:term":[{"taxonomy":"product_cat","embeddable":true,"href":"https:\/\/elemente-clemente.de\/en\/wp-json\/wp\/v2\/product_cat?post=81458"},{"taxonomy":"product_tag","embeddable":true,"href":"https:\/\/elemente-clemente.de\/en\/wp-json\/wp\/v2\/product_tag?post=81458"}],"curies":[{"name":"wp","href":"https:\/\/api.w.org\/{rel}","templated":true}]}}