{"id":81127,"date":"2025-08-24T15:50:51","date_gmt":"2025-08-24T13:50:51","guid":{"rendered":"https:\/\/elemente-clemente.de\/?post_type=product&#038;p=81127"},"modified":"2026-04-08T04:50:13","modified_gmt":"2026-04-08T02:50:13","slug":"dress-kisa-longsleeve-hw25-c25d492-1155","status":"publish","type":"product","link":"https:\/\/elemente-clemente.de\/en\/shop\/herbst-winter-2025\/kleid-rock-2\/dress-kisa-longsleeve-hw25-c25d492-1155\/","title":{"rendered":"Glencheck Kleid Kisa"},"content":{"rendered":"<p class=\"p1\">Langes Kleid in A-Linie<\/p>\n<p>Eingriffstaschen in den Seitenn\u00e4hten<br \/>Steiler V-Ausschnitt mit breitem Kragen<br \/>Durchgehende Knopfleiste<br \/>Faltendetails f\u00fcr eine flie\u00dfende Form<\/p>\n","protected":false},"excerpt":{"rendered":"<p>Langes Kleid in A-Linie Eingriffstaschen in den Seitenn\u00e4htenSteiler V-Ausschnitt mit breitem KragenDurchgehende KnopfleisteFaltendetails f\u00fcr eine flie\u00dfende Form<\/p>\n","protected":false},"featured_media":123174,"comment_status":"open","ping_status":"closed","template":"","meta":{"_acf_changed":false},"product_cat":[1149,1153],"product_tag":[],"class_list":{"0":"post-81127","1":"product","2":"type-product","3":"status-publish","4":"has-post-thumbnail","6":"product_cat-herbst-winter-2025","7":"product_cat-kleid-rock-2","9":"first","10":"instock","11":"sale","12":"taxable","13":"shipping-taxable","14":"purchasable","15":"product-type-variable","16":"wvs-archive-product-wrapper"},"acf":[],"_links":{"self":[{"href":"https:\/\/elemente-clemente.de\/en\/wp-json\/wp\/v2\/product\/81127","targetHints":{"allow":["GET"]}}],"collection":[{"href":"https:\/\/elemente-clemente.de\/en\/wp-json\/wp\/v2\/product"}],"about":[{"href":"https:\/\/elemente-clemente.de\/en\/wp-json\/wp\/v2\/types\/product"}],"replies":[{"embeddable":true,"href":"https:\/\/elemente-clemente.de\/en\/wp-json\/wp\/v2\/comments?post=81127"}],"wp:featuredmedia":[{"embeddable":true,"href":"https:\/\/elemente-clemente.de\/en\/wp-json\/wp\/v2\/media\/123174"}],"wp:attachment":[{"href":"https:\/\/elemente-clemente.de\/en\/wp-json\/wp\/v2\/media?parent=81127"}],"wp:term":[{"taxonomy":"product_cat","embeddable":true,"href":"https:\/\/elemente-clemente.de\/en\/wp-json\/wp\/v2\/product_cat?post=81127"},{"taxonomy":"product_tag","embeddable":true,"href":"https:\/\/elemente-clemente.de\/en\/wp-json\/wp\/v2\/product_tag?post=81127"}],"curies":[{"name":"wp","href":"https:\/\/api.w.org\/{rel}","templated":true}]}}