{"id":80605,"date":"2025-08-24T15:01:22","date_gmt":"2025-08-24T13:01:22","guid":{"rendered":"https:\/\/elemente-clemente.de\/?post_type=product&#038;p=80605"},"modified":"2026-04-08T04:39:21","modified_gmt":"2026-04-08T02:39:21","slug":"dress-toya-hw25-c25d404-1151","status":"publish","type":"product","link":"https:\/\/elemente-clemente.de\/en\/shop\/herbst-winter-2025\/kleid-rock-2\/dress-toya-hw25-c25d404-1151\/","title":{"rendered":"Kleid Toya aus gestreiftem Wollwalk mit Seide (Mulesing free)"},"content":{"rendered":"<p class=\"p1\">Schmales \u00e4rmelloses Kleid<\/p>\n<p>Asymmetrischer Kragen<br \/>schr\u00e4ge Teilungsn\u00e4hte vorne und hinten<\/p>\n","protected":false},"excerpt":{"rendered":"<p>Schmales \u00e4rmelloses Kleid Asymmetrischer Kragenschr\u00e4ge Teilungsn\u00e4hte vorne und hinten<\/p>\n","protected":false},"featured_media":123108,"comment_status":"open","ping_status":"closed","template":"","meta":{"_acf_changed":false},"product_cat":[1149,1153],"product_tag":[],"class_list":{"0":"post-80605","1":"product","2":"type-product","3":"status-publish","4":"has-post-thumbnail","6":"product_cat-herbst-winter-2025","7":"product_cat-kleid-rock-2","9":"first","10":"instock","11":"taxable","12":"shipping-taxable","13":"purchasable","14":"product-type-variable","15":"wvs-archive-product-wrapper"},"acf":[],"_links":{"self":[{"href":"https:\/\/elemente-clemente.de\/en\/wp-json\/wp\/v2\/product\/80605","targetHints":{"allow":["GET"]}}],"collection":[{"href":"https:\/\/elemente-clemente.de\/en\/wp-json\/wp\/v2\/product"}],"about":[{"href":"https:\/\/elemente-clemente.de\/en\/wp-json\/wp\/v2\/types\/product"}],"replies":[{"embeddable":true,"href":"https:\/\/elemente-clemente.de\/en\/wp-json\/wp\/v2\/comments?post=80605"}],"wp:featuredmedia":[{"embeddable":true,"href":"https:\/\/elemente-clemente.de\/en\/wp-json\/wp\/v2\/media\/123108"}],"wp:attachment":[{"href":"https:\/\/elemente-clemente.de\/en\/wp-json\/wp\/v2\/media?parent=80605"}],"wp:term":[{"taxonomy":"product_cat","embeddable":true,"href":"https:\/\/elemente-clemente.de\/en\/wp-json\/wp\/v2\/product_cat?post=80605"},{"taxonomy":"product_tag","embeddable":true,"href":"https:\/\/elemente-clemente.de\/en\/wp-json\/wp\/v2\/product_tag?post=80605"}],"curies":[{"name":"wp","href":"https:\/\/api.w.org\/{rel}","templated":true}]}}