{"id":80534,"date":"2025-08-24T14:57:49","date_gmt":"2025-08-24T12:57:49","guid":{"rendered":"https:\/\/elemente-clemente.de\/?post_type=product&#038;p=80534"},"modified":"2026-04-30T04:03:53","modified_gmt":"2026-04-30T02:03:53","slug":"pants-yolo-hw25-c25d278-1151","status":"publish","type":"product","link":"https:\/\/elemente-clemente.de\/en\/shop\/herbst-winter-2025\/hose-2\/pants-yolo-hw25-c25d278-1151\/","title":{"rendered":"Hose Yolo aus gestreiftem Wollwalk mit Seide (Mulesing free)"},"content":{"rendered":"<p class=\"p1\">Hose mit leicht O-f\u00f6rmige Silhouette<\/p>\n<p>Elastischer Bund hinten f\u00fcr zus\u00e4tzlichen Komfort<br \/>Schr\u00e4ge Eingrifftaschen an den Seiten<\/p>\n","protected":false},"excerpt":{"rendered":"<p>Hose mit leicht O-f\u00f6rmige Silhouette Elastischer Bund hinten f\u00fcr zus\u00e4tzlichen KomfortSchr\u00e4ge Eingrifftaschen an den Seiten<\/p>\n","protected":false},"featured_media":122934,"comment_status":"open","ping_status":"closed","template":"","meta":{"_acf_changed":false},"product_cat":[1149,1150],"product_tag":[],"class_list":{"0":"post-80534","1":"product","2":"type-product","3":"status-publish","4":"has-post-thumbnail","6":"product_cat-herbst-winter-2025","7":"product_cat-hose-2","9":"first","10":"instock","11":"sale","12":"taxable","13":"shipping-taxable","14":"purchasable","15":"product-type-variable","16":"wvs-archive-product-wrapper"},"acf":[],"_links":{"self":[{"href":"https:\/\/elemente-clemente.de\/en\/wp-json\/wp\/v2\/product\/80534","targetHints":{"allow":["GET"]}}],"collection":[{"href":"https:\/\/elemente-clemente.de\/en\/wp-json\/wp\/v2\/product"}],"about":[{"href":"https:\/\/elemente-clemente.de\/en\/wp-json\/wp\/v2\/types\/product"}],"replies":[{"embeddable":true,"href":"https:\/\/elemente-clemente.de\/en\/wp-json\/wp\/v2\/comments?post=80534"}],"wp:featuredmedia":[{"embeddable":true,"href":"https:\/\/elemente-clemente.de\/en\/wp-json\/wp\/v2\/media\/122934"}],"wp:attachment":[{"href":"https:\/\/elemente-clemente.de\/en\/wp-json\/wp\/v2\/media?parent=80534"}],"wp:term":[{"taxonomy":"product_cat","embeddable":true,"href":"https:\/\/elemente-clemente.de\/en\/wp-json\/wp\/v2\/product_cat?post=80534"},{"taxonomy":"product_tag","embeddable":true,"href":"https:\/\/elemente-clemente.de\/en\/wp-json\/wp\/v2\/product_tag?post=80534"}],"curies":[{"name":"wp","href":"https:\/\/api.w.org\/{rel}","templated":true}]}}