{"id":80448,"date":"2025-08-24T14:47:00","date_gmt":"2025-08-24T12:47:00","guid":{"rendered":"https:\/\/elemente-clemente.de\/?post_type=product&#038;p=80448"},"modified":"2026-04-30T05:46:36","modified_gmt":"2026-04-30T03:46:36","slug":"skirt-varnai-hw25-c25d762-1149","status":"publish","type":"product","link":"https:\/\/elemente-clemente.de\/en\/shop\/herbst-winter-2025\/kleid-rock-2\/skirt-varnai-hw25-c25d762-1149\/","title":{"rendered":"Rock Varnai aus Tencel\u2122 Gabardine"},"content":{"rendered":"<p class=\"p1\">Gerade geschnittener Midirock<\/p>\n<p>Elastischem Bund hinten f\u00fcr zus\u00e4tzlichen Komfort <br \/>Dekorative Quern\u00e4hte<br \/>Tiefe Schlitze an beiden Seiten <br \/>Seitliche Eingrifftaschen<\/p>\n","protected":false},"excerpt":{"rendered":"<p>Gerade geschnittener Midirock Elastischem Bund hinten f\u00fcr zus\u00e4tzlichen Komfort Dekorative Quern\u00e4hteTiefe Schlitze an beiden Seiten Seitliche Eingrifftaschen<\/p>\n","protected":false},"featured_media":123436,"comment_status":"open","ping_status":"closed","template":"","meta":{"_acf_changed":false},"product_cat":[1149,1153],"product_tag":[],"class_list":{"0":"post-80448","1":"product","2":"type-product","3":"status-publish","4":"has-post-thumbnail","6":"product_cat-herbst-winter-2025","7":"product_cat-kleid-rock-2","9":"first","10":"instock","11":"sale","12":"taxable","13":"shipping-taxable","14":"purchasable","15":"product-type-variable","16":"wvs-archive-product-wrapper"},"acf":[],"_links":{"self":[{"href":"https:\/\/elemente-clemente.de\/en\/wp-json\/wp\/v2\/product\/80448","targetHints":{"allow":["GET"]}}],"collection":[{"href":"https:\/\/elemente-clemente.de\/en\/wp-json\/wp\/v2\/product"}],"about":[{"href":"https:\/\/elemente-clemente.de\/en\/wp-json\/wp\/v2\/types\/product"}],"replies":[{"embeddable":true,"href":"https:\/\/elemente-clemente.de\/en\/wp-json\/wp\/v2\/comments?post=80448"}],"wp:featuredmedia":[{"embeddable":true,"href":"https:\/\/elemente-clemente.de\/en\/wp-json\/wp\/v2\/media\/123436"}],"wp:attachment":[{"href":"https:\/\/elemente-clemente.de\/en\/wp-json\/wp\/v2\/media?parent=80448"}],"wp:term":[{"taxonomy":"product_cat","embeddable":true,"href":"https:\/\/elemente-clemente.de\/en\/wp-json\/wp\/v2\/product_cat?post=80448"},{"taxonomy":"product_tag","embeddable":true,"href":"https:\/\/elemente-clemente.de\/en\/wp-json\/wp\/v2\/product_tag?post=80448"}],"curies":[{"name":"wp","href":"https:\/\/api.w.org\/{rel}","templated":true}]}}