{"id":80395,"date":"2025-08-24T14:41:29","date_gmt":"2025-08-24T12:41:29","guid":{"rendered":"https:\/\/elemente-clemente.de\/?post_type=product&#038;p=80395"},"modified":"2026-04-08T04:40:14","modified_gmt":"2026-04-08T02:40:14","slug":"dress-krisno-hw25-c25d425-1149","status":"publish","type":"product","link":"https:\/\/elemente-clemente.de\/en\/shop\/herbst-winter-2025\/kleid-rock-2\/dress-krisno-hw25-c25d425-1149\/","title":{"rendered":"Kleid Krisno aus Tencel\u2122 Gabardine"},"content":{"rendered":"<p class=\"p1\">Weit geschnittenes Kleid m Oversized-Stil<\/p>\n<p>Lange \u00c4rmel<br \/>Seitlichen Taschen\u00f6ffnungen <br \/>V-Ausschnitt mit Revers <br \/>Knielange L\u00e4nge<\/p>\n","protected":false},"excerpt":{"rendered":"<p>Weit geschnittenes Kleid m Oversized-Stil Lange \u00c4rmelSeitlichen Taschen\u00f6ffnungen V-Ausschnitt mit Revers Knielange L\u00e4nge<\/p>\n","protected":false},"featured_media":123118,"comment_status":"open","ping_status":"closed","template":"","meta":{"_acf_changed":false},"product_cat":[1149,1153],"product_tag":[],"class_list":{"0":"post-80395","1":"product","2":"type-product","3":"status-publish","4":"has-post-thumbnail","6":"product_cat-herbst-winter-2025","7":"product_cat-kleid-rock-2","9":"first","10":"instock","11":"sale","12":"taxable","13":"shipping-taxable","14":"purchasable","15":"product-type-variable","16":"wvs-archive-product-wrapper"},"acf":[],"_links":{"self":[{"href":"https:\/\/elemente-clemente.de\/en\/wp-json\/wp\/v2\/product\/80395","targetHints":{"allow":["GET"]}}],"collection":[{"href":"https:\/\/elemente-clemente.de\/en\/wp-json\/wp\/v2\/product"}],"about":[{"href":"https:\/\/elemente-clemente.de\/en\/wp-json\/wp\/v2\/types\/product"}],"replies":[{"embeddable":true,"href":"https:\/\/elemente-clemente.de\/en\/wp-json\/wp\/v2\/comments?post=80395"}],"wp:featuredmedia":[{"embeddable":true,"href":"https:\/\/elemente-clemente.de\/en\/wp-json\/wp\/v2\/media\/123118"}],"wp:attachment":[{"href":"https:\/\/elemente-clemente.de\/en\/wp-json\/wp\/v2\/media?parent=80395"}],"wp:term":[{"taxonomy":"product_cat","embeddable":true,"href":"https:\/\/elemente-clemente.de\/en\/wp-json\/wp\/v2\/product_cat?post=80395"},{"taxonomy":"product_tag","embeddable":true,"href":"https:\/\/elemente-clemente.de\/en\/wp-json\/wp\/v2\/product_tag?post=80395"}],"curies":[{"name":"wp","href":"https:\/\/api.w.org\/{rel}","templated":true}]}}