{"id":80318,"date":"2025-08-22T22:42:04","date_gmt":"2025-08-22T20:42:04","guid":{"rendered":"https:\/\/elemente-clemente.de\/?post_type=product&#038;p=80318"},"modified":"2026-04-16T03:27:41","modified_gmt":"2026-04-16T01:27:41","slug":"blouse-tege-hw25-c25d134-1126","status":"publish","type":"product","link":"https:\/\/elemente-clemente.de\/en\/shop\/herbst-winter-2025\/bluse-2\/blouse-tege-hw25-c25d134-1126\/","title":{"rendered":"Bluse Tege aus Bio-Popeline"},"content":{"rendered":"<p class=\"p1\">Kastig geschnittene Bluse<\/p>\n<p>kleiner Kragen<br \/>Fledermaus\u00e4rmel mit \u00c4rmellaschen<br \/>durchgehende Knopfleiste<br \/>vorne k\u00fcrzer und seitliche kleine Schlitze<\/p>\n","protected":false},"excerpt":{"rendered":"<p>Kastig geschnittene Bluse kleiner KragenFledermaus\u00e4rmel mit \u00c4rmellaschendurchgehende Knopfleistevorne k\u00fcrzer und seitliche kleine Schlitze<\/p>\n","protected":false},"featured_media":122758,"comment_status":"open","ping_status":"closed","template":"","meta":{"_acf_changed":false},"product_cat":[1149,1151],"product_tag":[],"class_list":{"0":"post-80318","1":"product","2":"type-product","3":"status-publish","4":"has-post-thumbnail","6":"product_cat-herbst-winter-2025","7":"product_cat-bluse-2","9":"first","10":"instock","11":"sale","12":"taxable","13":"shipping-taxable","14":"purchasable","15":"product-type-variable","16":"wvs-archive-product-wrapper"},"acf":[],"_links":{"self":[{"href":"https:\/\/elemente-clemente.de\/en\/wp-json\/wp\/v2\/product\/80318","targetHints":{"allow":["GET"]}}],"collection":[{"href":"https:\/\/elemente-clemente.de\/en\/wp-json\/wp\/v2\/product"}],"about":[{"href":"https:\/\/elemente-clemente.de\/en\/wp-json\/wp\/v2\/types\/product"}],"replies":[{"embeddable":true,"href":"https:\/\/elemente-clemente.de\/en\/wp-json\/wp\/v2\/comments?post=80318"}],"wp:featuredmedia":[{"embeddable":true,"href":"https:\/\/elemente-clemente.de\/en\/wp-json\/wp\/v2\/media\/122758"}],"wp:attachment":[{"href":"https:\/\/elemente-clemente.de\/en\/wp-json\/wp\/v2\/media?parent=80318"}],"wp:term":[{"taxonomy":"product_cat","embeddable":true,"href":"https:\/\/elemente-clemente.de\/en\/wp-json\/wp\/v2\/product_cat?post=80318"},{"taxonomy":"product_tag","embeddable":true,"href":"https:\/\/elemente-clemente.de\/en\/wp-json\/wp\/v2\/product_tag?post=80318"}],"curies":[{"name":"wp","href":"https:\/\/api.w.org\/{rel}","templated":true}]}}