{"id":79694,"date":"2025-08-22T22:00:54","date_gmt":"2025-08-22T20:00:54","guid":{"rendered":"https:\/\/elemente-clemente.de\/?post_type=product&#038;p=79694"},"modified":"2026-04-08T13:30:09","modified_gmt":"2026-04-08T11:30:09","slug":"shirt-valaga-hw25-c25d619-1110","status":"publish","type":"product","link":"https:\/\/elemente-clemente.de\/en\/shop\/herbst-winter-2025\/shirt-top-2\/shirt-valaga-hw25-c25d619-1110\/","title":{"rendered":"Shirt Valaga aus Bio-Baumwolle"},"content":{"rendered":"<p class=\"p1\">Locker geschnittenes Langarmshirt <\/p>\n<p>Rundhalsausschnitt<br \/>\u00dcberschnittene Schultern und <br \/>Gerade \u00c4rmelabschl\u00fcsse. <br \/>Breiter,kontrastfarbener Saum <br \/>Dezentes Logo-Detail<\/p>\n","protected":false},"excerpt":{"rendered":"<p>Locker geschnittenes Langarmshirt Rundhalsausschnitt\u00dcberschnittene Schultern und Gerade \u00c4rmelabschl\u00fcsse. Breiter,kontrastfarbener Saum Dezentes Logo-Detail<\/p>\n","protected":false},"featured_media":123280,"comment_status":"open","ping_status":"closed","template":"","meta":{"_acf_changed":false},"product_cat":[1149,1152],"product_tag":[],"class_list":{"0":"post-79694","1":"product","2":"type-product","3":"status-publish","4":"has-post-thumbnail","6":"product_cat-herbst-winter-2025","7":"product_cat-shirt-top-2","9":"first","10":"instock","11":"sale","12":"taxable","13":"shipping-taxable","14":"purchasable","15":"product-type-variable","16":"wvs-archive-product-wrapper"},"acf":[],"_links":{"self":[{"href":"https:\/\/elemente-clemente.de\/en\/wp-json\/wp\/v2\/product\/79694","targetHints":{"allow":["GET"]}}],"collection":[{"href":"https:\/\/elemente-clemente.de\/en\/wp-json\/wp\/v2\/product"}],"about":[{"href":"https:\/\/elemente-clemente.de\/en\/wp-json\/wp\/v2\/types\/product"}],"replies":[{"embeddable":true,"href":"https:\/\/elemente-clemente.de\/en\/wp-json\/wp\/v2\/comments?post=79694"}],"wp:featuredmedia":[{"embeddable":true,"href":"https:\/\/elemente-clemente.de\/en\/wp-json\/wp\/v2\/media\/123280"}],"wp:attachment":[{"href":"https:\/\/elemente-clemente.de\/en\/wp-json\/wp\/v2\/media?parent=79694"}],"wp:term":[{"taxonomy":"product_cat","embeddable":true,"href":"https:\/\/elemente-clemente.de\/en\/wp-json\/wp\/v2\/product_cat?post=79694"},{"taxonomy":"product_tag","embeddable":true,"href":"https:\/\/elemente-clemente.de\/en\/wp-json\/wp\/v2\/product_tag?post=79694"}],"curies":[{"name":"wp","href":"https:\/\/api.w.org\/{rel}","templated":true}]}}