{"id":79663,"date":"2025-08-22T21:58:17","date_gmt":"2025-08-22T19:58:17","guid":{"rendered":"https:\/\/elemente-clemente.de\/?post_type=product&#038;p=79663"},"modified":"2026-04-08T13:29:46","modified_gmt":"2026-04-08T11:29:46","slug":"dress-linett-hw25-c25d469-1110","status":"publish","type":"product","link":"https:\/\/elemente-clemente.de\/en\/shop\/herbst-winter-2025\/kleid-rock-2\/dress-linett-hw25-c25d469-1110\/","title":{"rendered":"Kleid Linett aus Bio-Baumwolle"},"content":{"rendered":"<p class=\"p1\">O-f\u00f6rmiges Kleid mit langen \u00c4rmeln<\/p>\n<p>Rundhalsausschnitt<br \/>Midi-L\u00e4nge<br \/>Vertikale Eingriffstaschen vorn<\/p>\n","protected":false},"excerpt":{"rendered":"<p>O-f\u00f6rmiges Kleid mit langen \u00c4rmeln RundhalsausschnittMidi-L\u00e4ngeVertikale Eingriffstaschen vorn<\/p>\n","protected":false},"featured_media":123156,"comment_status":"open","ping_status":"closed","template":"","meta":{"_acf_changed":false},"product_cat":[1149,1153],"product_tag":[],"class_list":{"0":"post-79663","1":"product","2":"type-product","3":"status-publish","4":"has-post-thumbnail","6":"product_cat-herbst-winter-2025","7":"product_cat-kleid-rock-2","9":"first","10":"instock","11":"sale","12":"taxable","13":"shipping-taxable","14":"purchasable","15":"product-type-variable","16":"wvs-archive-product-wrapper"},"acf":[],"_links":{"self":[{"href":"https:\/\/elemente-clemente.de\/en\/wp-json\/wp\/v2\/product\/79663","targetHints":{"allow":["GET"]}}],"collection":[{"href":"https:\/\/elemente-clemente.de\/en\/wp-json\/wp\/v2\/product"}],"about":[{"href":"https:\/\/elemente-clemente.de\/en\/wp-json\/wp\/v2\/types\/product"}],"replies":[{"embeddable":true,"href":"https:\/\/elemente-clemente.de\/en\/wp-json\/wp\/v2\/comments?post=79663"}],"wp:featuredmedia":[{"embeddable":true,"href":"https:\/\/elemente-clemente.de\/en\/wp-json\/wp\/v2\/media\/123156"}],"wp:attachment":[{"href":"https:\/\/elemente-clemente.de\/en\/wp-json\/wp\/v2\/media?parent=79663"}],"wp:term":[{"taxonomy":"product_cat","embeddable":true,"href":"https:\/\/elemente-clemente.de\/en\/wp-json\/wp\/v2\/product_cat?post=79663"},{"taxonomy":"product_tag","embeddable":true,"href":"https:\/\/elemente-clemente.de\/en\/wp-json\/wp\/v2\/product_tag?post=79663"}],"curies":[{"name":"wp","href":"https:\/\/api.w.org\/{rel}","templated":true}]}}