{"id":79463,"date":"2025-08-22T21:47:09","date_gmt":"2025-08-22T19:47:09","guid":{"rendered":"https:\/\/elemente-clemente.de\/?post_type=product&#038;p=79463"},"modified":"2026-04-17T04:00:23","modified_gmt":"2026-04-17T02:00:23","slug":"blouse-piresti-hw25-c25d142-983","status":"publish","type":"product","link":"https:\/\/elemente-clemente.de\/en\/shop\/herbst-winter-2025\/bluse-2\/blouse-piresti-hw25-c25d142-983\/","title":{"rendered":"BLUSE PIRESTI AUS BIO-POPELINE"},"content":{"rendered":"<p class=\"p1\">Taillierte Hemdbluse mit langen \u00c4rmeln<\/p>\n<p>Klassischer Kragen  <br \/>Breite Manschetten. <br \/>\u00c4rmel k\u00f6nnen mithilfe eines Knopfs auf halber H\u00f6he hochgekrempelt und als 3\/4-\u00c4rmel getragen werden<\/p>\n","protected":false},"excerpt":{"rendered":"<p>Taillierte Hemdbluse mit langen \u00c4rmeln Klassischer Kragen Breite Manschetten. \u00c4rmel k\u00f6nnen mithilfe eines Knopfs auf halber H\u00f6he hochgekrempelt und als 3\/4-\u00c4rmel getragen werden<\/p>\n","protected":false},"featured_media":122796,"comment_status":"open","ping_status":"closed","template":"","meta":{"_acf_changed":false},"product_cat":[1149,1151],"product_tag":[],"class_list":{"0":"post-79463","1":"product","2":"type-product","3":"status-publish","4":"has-post-thumbnail","6":"product_cat-herbst-winter-2025","7":"product_cat-bluse-2","9":"first","10":"instock","11":"sale","12":"taxable","13":"shipping-taxable","14":"purchasable","15":"product-type-variable","16":"wvs-archive-product-wrapper"},"acf":[],"_links":{"self":[{"href":"https:\/\/elemente-clemente.de\/en\/wp-json\/wp\/v2\/product\/79463","targetHints":{"allow":["GET"]}}],"collection":[{"href":"https:\/\/elemente-clemente.de\/en\/wp-json\/wp\/v2\/product"}],"about":[{"href":"https:\/\/elemente-clemente.de\/en\/wp-json\/wp\/v2\/types\/product"}],"replies":[{"embeddable":true,"href":"https:\/\/elemente-clemente.de\/en\/wp-json\/wp\/v2\/comments?post=79463"}],"wp:featuredmedia":[{"embeddable":true,"href":"https:\/\/elemente-clemente.de\/en\/wp-json\/wp\/v2\/media\/122796"}],"wp:attachment":[{"href":"https:\/\/elemente-clemente.de\/en\/wp-json\/wp\/v2\/media?parent=79463"}],"wp:term":[{"taxonomy":"product_cat","embeddable":true,"href":"https:\/\/elemente-clemente.de\/en\/wp-json\/wp\/v2\/product_cat?post=79463"},{"taxonomy":"product_tag","embeddable":true,"href":"https:\/\/elemente-clemente.de\/en\/wp-json\/wp\/v2\/product_tag?post=79463"}],"curies":[{"name":"wp","href":"https:\/\/api.w.org\/{rel}","templated":true}]}}