{"id":79392,"date":"2025-08-22T21:42:29","date_gmt":"2025-08-22T19:42:29","guid":{"rendered":"https:\/\/elemente-clemente.de\/?post_type=product&#038;p=79392"},"modified":"2026-04-30T05:01:12","modified_gmt":"2026-04-30T03:01:12","slug":"coat-namga-hw25-c25d560-967","status":"publish","type":"product","link":"https:\/\/elemente-clemente.de\/en\/shop\/herbst-winter-2025\/jacke-mantel-2\/coat-namga-hw25-c25d560-967\/","title":{"rendered":"COAT NAMGA AUS WOLLWALK (MULESING FREE)"},"content":{"rendered":"<p class=\"p1\">Gef\u00fctterter, weit geschnittener Mantel <\/p>\n<p> Klassischem Umlegekragen.<br \/> Durchgehende Knopfleiste mit gro\u00dfen Kn\u00f6pfen<br \/> \u00dcberschnittene Schultern  <br \/> Aufgesetzte Taschen auf der Vorderseite. <\/p>\n","protected":false},"excerpt":{"rendered":"<p>Gef\u00fctterter, weit geschnittener Mantel Klassischem Umlegekragen. Durchgehende Knopfleiste mit gro\u00dfen Kn\u00f6pfen \u00dcberschnittene Schultern Aufgesetzte Taschen auf der Vorderseite.<\/p>\n","protected":false},"featured_media":123204,"comment_status":"open","ping_status":"closed","template":"","meta":{"_acf_changed":false},"product_cat":[1149,1154],"product_tag":[],"class_list":{"0":"post-79392","1":"product","2":"type-product","3":"status-publish","4":"has-post-thumbnail","6":"product_cat-herbst-winter-2025","7":"product_cat-jacke-mantel-2","9":"first","10":"instock","11":"sale","12":"taxable","13":"shipping-taxable","14":"purchasable","15":"product-type-variable","16":"wvs-archive-product-wrapper"},"acf":[],"_links":{"self":[{"href":"https:\/\/elemente-clemente.de\/en\/wp-json\/wp\/v2\/product\/79392","targetHints":{"allow":["GET"]}}],"collection":[{"href":"https:\/\/elemente-clemente.de\/en\/wp-json\/wp\/v2\/product"}],"about":[{"href":"https:\/\/elemente-clemente.de\/en\/wp-json\/wp\/v2\/types\/product"}],"replies":[{"embeddable":true,"href":"https:\/\/elemente-clemente.de\/en\/wp-json\/wp\/v2\/comments?post=79392"}],"wp:featuredmedia":[{"embeddable":true,"href":"https:\/\/elemente-clemente.de\/en\/wp-json\/wp\/v2\/media\/123204"}],"wp:attachment":[{"href":"https:\/\/elemente-clemente.de\/en\/wp-json\/wp\/v2\/media?parent=79392"}],"wp:term":[{"taxonomy":"product_cat","embeddable":true,"href":"https:\/\/elemente-clemente.de\/en\/wp-json\/wp\/v2\/product_cat?post=79392"},{"taxonomy":"product_tag","embeddable":true,"href":"https:\/\/elemente-clemente.de\/en\/wp-json\/wp\/v2\/product_tag?post=79392"}],"curies":[{"name":"wp","href":"https:\/\/api.w.org\/{rel}","templated":true}]}}