{"id":69579,"date":"2025-04-15T12:23:48","date_gmt":"2025-04-15T10:23:48","guid":{"rendered":"https:\/\/elemente-clemente.de\/?post_type=product&#038;p=69579"},"modified":"2026-04-27T18:39:08","modified_gmt":"2026-04-27T16:39:08","slug":"shirt-yuliah-aus-100-bio-baumwolle","status":"publish","type":"product","link":"https:\/\/elemente-clemente.de\/en\/shop\/frauuuhlig\/shirt-yuliah-aus-100-bio-baumwolle\/","title":{"rendered":"SHIRT YULIAH aus 100% Bio-Baumwolle"},"content":{"rendered":"<p>L\u00e4ssig weites T-Shirt aus Bio-Baumwolle als ideale Erg\u00e4nzung zu den Basic Shirts.<br \/>\nOversized geschnitten mit Rundhalsausschnitt<br \/>\nDie zwei seitlichen Dreieckselemente vorne und hinten am Saum kreieren wie gewohnt eine Passform, die der Figur schmeichelt.<\/p>\n<p>Elena tr\u00e4gt die Gr\u00f6\u00dfe &#8220;sch\u00f6n weiblich&#8221; (3) mit folgenden Schnittma\u00dfen:<\/p>\n<p>1\/2 Oberweite und 1\/2 Saumweite: 64cm<br \/>\nR\u00fcckenl\u00e4nge:71cm<\/p>\n<p>&nbsp;<\/p>\n<p>&nbsp;<\/p>\n<p>&nbsp;<\/p>\n<p>&nbsp;<\/p>\n<p>&nbsp;<\/p>\n<p>&nbsp;<\/p>\n","protected":false},"excerpt":{"rendered":"<p>L\u00e4ssig weit geschnittenes Shirt<\/p>\n","protected":false},"featured_media":69595,"comment_status":"open","ping_status":"closed","template":"","meta":{"_acf_changed":false},"product_cat":[923],"product_tag":[],"class_list":{"0":"post-69579","1":"product","2":"type-product","3":"status-publish","4":"has-post-thumbnail","6":"product_cat-frauuuhlig","8":"first","9":"outofstock","10":"taxable","11":"shipping-taxable","12":"purchasable","13":"product-type-variable","14":"has-default-attributes","15":"wvs-archive-product-wrapper"},"acf":[],"_links":{"self":[{"href":"https:\/\/elemente-clemente.de\/en\/wp-json\/wp\/v2\/product\/69579","targetHints":{"allow":["GET"]}}],"collection":[{"href":"https:\/\/elemente-clemente.de\/en\/wp-json\/wp\/v2\/product"}],"about":[{"href":"https:\/\/elemente-clemente.de\/en\/wp-json\/wp\/v2\/types\/product"}],"replies":[{"embeddable":true,"href":"https:\/\/elemente-clemente.de\/en\/wp-json\/wp\/v2\/comments?post=69579"}],"wp:featuredmedia":[{"embeddable":true,"href":"https:\/\/elemente-clemente.de\/en\/wp-json\/wp\/v2\/media\/69595"}],"wp:attachment":[{"href":"https:\/\/elemente-clemente.de\/en\/wp-json\/wp\/v2\/media?parent=69579"}],"wp:term":[{"taxonomy":"product_cat","embeddable":true,"href":"https:\/\/elemente-clemente.de\/en\/wp-json\/wp\/v2\/product_cat?post=69579"},{"taxonomy":"product_tag","embeddable":true,"href":"https:\/\/elemente-clemente.de\/en\/wp-json\/wp\/v2\/product_tag?post=69579"}],"curies":[{"name":"wp","href":"https:\/\/api.w.org\/{rel}","templated":true}]}}