{"id":69515,"date":"2025-04-14T15:24:30","date_gmt":"2025-04-14T13:24:30","guid":{"rendered":"https:\/\/elemente-clemente.de\/?post_type=product&#038;p=69515"},"modified":"2026-04-18T18:39:47","modified_gmt":"2026-04-18T16:39:47","slug":"shirt-elena-fs0-u1d681-1164","status":"publish","type":"product","link":"https:\/\/elemente-clemente.de\/en\/shop\/frauuuhlig\/shirt-elena-fs0-u1d681-1164\/","title":{"rendered":"Shirt Elena aus 100% Bio-Baumwolle in graumelange"},"content":{"rendered":"<p class=\"p1\">Zeit, dass sich was dreht \u2013 beim T-Shirt Elena aus hochwertigem Bio-Baumwolljersey sind zwei Dreieckselemente am Saum eingesetzt \u2013\u00a0 der Twist schmeichelt kurvigen Figuren. Kurze Raglan\u00e4rmel komplettieren das moderne Design.<\/p>\n<p>Elena tr\u00e4gt Gr\u00f6\u00dfe unbeschreiblich weiblich (4)<\/p>\n","protected":false},"excerpt":{"rendered":"<p>Kurzarmshirt mit Raglan\u00e4rmel<\/p>\n","protected":false},"featured_media":123484,"comment_status":"open","ping_status":"closed","template":"","meta":{"_acf_changed":false},"product_cat":[923],"product_tag":[],"class_list":{"0":"post-69515","1":"product","2":"type-product","3":"status-publish","4":"has-post-thumbnail","6":"product_cat-frauuuhlig","8":"first","9":"instock","10":"taxable","11":"shipping-taxable","12":"purchasable","13":"product-type-variable","14":"wvs-archive-product-wrapper"},"acf":[],"_links":{"self":[{"href":"https:\/\/elemente-clemente.de\/en\/wp-json\/wp\/v2\/product\/69515","targetHints":{"allow":["GET"]}}],"collection":[{"href":"https:\/\/elemente-clemente.de\/en\/wp-json\/wp\/v2\/product"}],"about":[{"href":"https:\/\/elemente-clemente.de\/en\/wp-json\/wp\/v2\/types\/product"}],"replies":[{"embeddable":true,"href":"https:\/\/elemente-clemente.de\/en\/wp-json\/wp\/v2\/comments?post=69515"}],"wp:featuredmedia":[{"embeddable":true,"href":"https:\/\/elemente-clemente.de\/en\/wp-json\/wp\/v2\/media\/123484"}],"wp:attachment":[{"href":"https:\/\/elemente-clemente.de\/en\/wp-json\/wp\/v2\/media?parent=69515"}],"wp:term":[{"taxonomy":"product_cat","embeddable":true,"href":"https:\/\/elemente-clemente.de\/en\/wp-json\/wp\/v2\/product_cat?post=69515"},{"taxonomy":"product_tag","embeddable":true,"href":"https:\/\/elemente-clemente.de\/en\/wp-json\/wp\/v2\/product_tag?post=69515"}],"curies":[{"name":"wp","href":"https:\/\/api.w.org\/{rel}","templated":true}]}}