{"id":68379,"date":"2025-04-02T16:12:48","date_gmt":"2025-04-02T14:12:48","guid":{"rendered":"https:\/\/elemente-clemente.de\/?post_type=product&#038;p=68379"},"modified":"2026-04-29T19:51:30","modified_gmt":"2026-04-29T17:51:30","slug":"pants-skara-fs25-c15d223-123","status":"publish","type":"product","link":"https:\/\/elemente-clemente.de\/en\/shop\/fruehjahr-sommer-2025\/hose-fruehjahr-sommer-2025\/pants-skara-fs25-c15d223-123\/","title":{"rendered":"Hose Skara aus 100% Leinen"},"content":{"rendered":"<p class=\"p1\">Weit geschnittene Hose mit Seitentaschen und weitem Bein<\/p>\n<p>Vorne flacher, fester Taillenbund<br \/>Gummi im hinteren Bund<br \/>Weites Bein<br \/>Seitliche Paspeltaschen Taschen<br \/>Unser Modell ist 175 cm gro\u00df und tr\u00e4gt Gr\u00f6\u00dfe 1<\/p>\n","protected":false},"excerpt":{"rendered":"<p>Weit geschnittene Hose mit Seitentaschen und weitem Bein Vorne flacher, fester TaillenbundGummi im hinteren BundWeites BeinSeitliche Paspeltaschen TaschenUnser Modell ist 175 cm gro\u00df und tr\u00e4gt Gr\u00f6\u00dfe 1<\/p>\n","protected":false},"featured_media":121922,"comment_status":"open","ping_status":"closed","template":"","meta":{"_acf_changed":false},"product_cat":[1083,1084],"product_tag":[],"class_list":{"0":"post-68379","1":"product","2":"type-product","3":"status-publish","4":"has-post-thumbnail","6":"product_cat-fruehjahr-sommer-2025","7":"product_cat-hose-fruehjahr-sommer-2025","9":"first","10":"instock","11":"sale","12":"taxable","13":"shipping-taxable","14":"purchasable","15":"product-type-variable","16":"wvs-archive-product-wrapper"},"acf":[],"_links":{"self":[{"href":"https:\/\/elemente-clemente.de\/en\/wp-json\/wp\/v2\/product\/68379","targetHints":{"allow":["GET"]}}],"collection":[{"href":"https:\/\/elemente-clemente.de\/en\/wp-json\/wp\/v2\/product"}],"about":[{"href":"https:\/\/elemente-clemente.de\/en\/wp-json\/wp\/v2\/types\/product"}],"replies":[{"embeddable":true,"href":"https:\/\/elemente-clemente.de\/en\/wp-json\/wp\/v2\/comments?post=68379"}],"wp:featuredmedia":[{"embeddable":true,"href":"https:\/\/elemente-clemente.de\/en\/wp-json\/wp\/v2\/media\/121922"}],"wp:attachment":[{"href":"https:\/\/elemente-clemente.de\/en\/wp-json\/wp\/v2\/media?parent=68379"}],"wp:term":[{"taxonomy":"product_cat","embeddable":true,"href":"https:\/\/elemente-clemente.de\/en\/wp-json\/wp\/v2\/product_cat?post=68379"},{"taxonomy":"product_tag","embeddable":true,"href":"https:\/\/elemente-clemente.de\/en\/wp-json\/wp\/v2\/product_tag?post=68379"}],"curies":[{"name":"wp","href":"https:\/\/api.w.org\/{rel}","templated":true}]}}