{"id":67476,"date":"2025-03-23T13:43:38","date_gmt":"2025-03-23T12:43:38","guid":{"rendered":"https:\/\/elemente-clemente.de\/?post_type=product&#038;p=67476"},"modified":"2026-04-29T20:50:53","modified_gmt":"2026-04-29T18:50:53","slug":"dress-tripolin-reversible-fs25-c15d486-055","status":"publish","type":"product","link":"https:\/\/elemente-clemente.de\/en\/shop\/fruehjahr-sommer-2025\/kleid-rock\/dress-tripolin-reversible-fs25-c15d486-055\/","title":{"rendered":"Kleid Tripolin wendbar aus 100% Leinen"},"content":{"rendered":"<p class=\"p1\">vorne-hinten wendbares Kleid<\/p>\n<p>Verschluss mit Knoten<br \/>Tunnelzug am Ausschnitt<br \/>A-Linie, zwei gro\u00dfe Schlitze an den Seiten<\/p>\n<p>Unser Modell ist 174 cm gr0\u00df und tr\u00e4gt Gr\u00f6\u00dfe I<\/p>\n","protected":false},"excerpt":{"rendered":"<p>vorne-hinten wendbares Kleid Verschluss mit KnotenTunnelzug am AusschnittA-Linie, zwei gro\u00dfe Schlitze an den Seiten Unser Modell ist 174 cm gr0\u00df und tr\u00e4gt Gr\u00f6\u00dfe I<\/p>\n","protected":false},"featured_media":122344,"comment_status":"open","ping_status":"closed","template":"","meta":{"_acf_changed":false},"product_cat":[1083,1087],"product_tag":[],"class_list":{"0":"post-67476","1":"product","2":"type-product","3":"status-publish","4":"has-post-thumbnail","6":"product_cat-fruehjahr-sommer-2025","7":"product_cat-kleid-rock","9":"first","10":"instock","11":"sale","12":"taxable","13":"shipping-taxable","14":"purchasable","15":"product-type-variable","16":"wvs-archive-product-wrapper"},"acf":[],"_links":{"self":[{"href":"https:\/\/elemente-clemente.de\/en\/wp-json\/wp\/v2\/product\/67476","targetHints":{"allow":["GET"]}}],"collection":[{"href":"https:\/\/elemente-clemente.de\/en\/wp-json\/wp\/v2\/product"}],"about":[{"href":"https:\/\/elemente-clemente.de\/en\/wp-json\/wp\/v2\/types\/product"}],"replies":[{"embeddable":true,"href":"https:\/\/elemente-clemente.de\/en\/wp-json\/wp\/v2\/comments?post=67476"}],"wp:featuredmedia":[{"embeddable":true,"href":"https:\/\/elemente-clemente.de\/en\/wp-json\/wp\/v2\/media\/122344"}],"wp:attachment":[{"href":"https:\/\/elemente-clemente.de\/en\/wp-json\/wp\/v2\/media?parent=67476"}],"wp:term":[{"taxonomy":"product_cat","embeddable":true,"href":"https:\/\/elemente-clemente.de\/en\/wp-json\/wp\/v2\/product_cat?post=67476"},{"taxonomy":"product_tag","embeddable":true,"href":"https:\/\/elemente-clemente.de\/en\/wp-json\/wp\/v2\/product_tag?post=67476"}],"curies":[{"name":"wp","href":"https:\/\/api.w.org\/{rel}","templated":true}]}}