{"id":67346,"date":"2025-03-23T12:05:57","date_gmt":"2025-03-23T11:05:57","guid":{"rendered":"https:\/\/elemente-clemente.de\/?post_type=product&#038;p=67346"},"modified":"2026-04-14T20:40:00","modified_gmt":"2026-04-14T18:40:00","slug":"blazer-bangui-fs25-c15d380-123","status":"publish","type":"product","link":"https:\/\/elemente-clemente.de\/en\/shop\/fruehjahr-sommer-2025\/jacke-mantel\/blazer-bangui-fs25-c15d380-123\/","title":{"rendered":"Blazer Bangui aus 100% Leinen"},"content":{"rendered":"<p class=\"p1\">Klassischer Blazer mit Reverskragen,<\/p>\n<p>Gro\u00dfe aufgesetzten Taschen<br \/>Schlitz im R\u00fccken<br \/>Verschluss mit zwei Kn\u00f6pfen vorne<\/p>\n<p>Unser Modell ist 170 cm gro\u00df und tr\u00e4gt Gr\u00f6\u00dfe 1<\/p>\n","protected":false},"excerpt":{"rendered":"<p>Klassischer Blazer mit Reverskragen, Gro\u00dfe aufgesetzten TaschenSchlitz im R\u00fcckenVerschluss mit zwei Kn\u00f6pfen vorne Unser Modell ist 170 cm gro\u00df und tr\u00e4gt Gr\u00f6\u00dfe 1<\/p>\n","protected":false},"featured_media":122156,"comment_status":"open","ping_status":"closed","template":"","meta":{"_acf_changed":false},"product_cat":[1083,1088],"product_tag":[999],"class_list":{"0":"post-67346","1":"product","2":"type-product","3":"status-publish","4":"has-post-thumbnail","6":"product_cat-fruehjahr-sommer-2025","7":"product_cat-jacke-mantel","8":"product_tag-leinen","10":"first","11":"instock","12":"sale","13":"taxable","14":"shipping-taxable","15":"purchasable","16":"product-type-variable","17":"wvs-archive-product-wrapper"},"acf":[],"_links":{"self":[{"href":"https:\/\/elemente-clemente.de\/en\/wp-json\/wp\/v2\/product\/67346","targetHints":{"allow":["GET"]}}],"collection":[{"href":"https:\/\/elemente-clemente.de\/en\/wp-json\/wp\/v2\/product"}],"about":[{"href":"https:\/\/elemente-clemente.de\/en\/wp-json\/wp\/v2\/types\/product"}],"replies":[{"embeddable":true,"href":"https:\/\/elemente-clemente.de\/en\/wp-json\/wp\/v2\/comments?post=67346"}],"wp:featuredmedia":[{"embeddable":true,"href":"https:\/\/elemente-clemente.de\/en\/wp-json\/wp\/v2\/media\/122156"}],"wp:attachment":[{"href":"https:\/\/elemente-clemente.de\/en\/wp-json\/wp\/v2\/media?parent=67346"}],"wp:term":[{"taxonomy":"product_cat","embeddable":true,"href":"https:\/\/elemente-clemente.de\/en\/wp-json\/wp\/v2\/product_cat?post=67346"},{"taxonomy":"product_tag","embeddable":true,"href":"https:\/\/elemente-clemente.de\/en\/wp-json\/wp\/v2\/product_tag?post=67346"}],"curies":[{"name":"wp","href":"https:\/\/api.w.org\/{rel}","templated":true}]}}