{"id":67237,"date":"2025-03-23T11:38:17","date_gmt":"2025-03-23T10:38:17","guid":{"rendered":"https:\/\/elemente-clemente.de\/?post_type=product&#038;p=67237"},"modified":"2026-04-06T20:22:12","modified_gmt":"2026-04-06T18:22:12","slug":"pants-geisha-fs25-c15d228-682b","status":"publish","type":"product","link":"https:\/\/elemente-clemente.de\/en\/shop\/fruehjahr-sommer-2025\/hose-fruehjahr-sommer-2025\/pants-geisha-fs25-c15d228-682b\/","title":{"rendered":"Pants Geisha aus Bio-Baumwolle"},"content":{"rendered":"<p class=\"p1\">Bequeme, anliegende Hose mit elastischem Gummizug im hinteren Bund<\/p>\n<p>Vorne flacher, fester Taillenbund<br \/>Elastischer Gummizug im hinteren Bund<br \/>Fixierter Beinaufschlag f\u00fcr eine angesagte, verk\u00fcrzte L\u00e4nge<br \/>Seitliche Paspel Taschen<\/p>\n<p>Unser Modell ist 176 cm gr0\u00df und tr\u00e4gt Gr\u00f6\u00dfe 1<\/p>\n","protected":false},"excerpt":{"rendered":"<p>Bequeme, anliegende Hose mit elastischem Gummizug im hinteren Bund Vorne flacher, fester TaillenbundElastischer Gummizug im hinteren BundFixierter Beinaufschlag f\u00fcr eine angesagte, verk\u00fcrzte L\u00e4ngeSeitliche Paspel Taschen Unser Modell ist 176 cm gr0\u00df und tr\u00e4gt Gr\u00f6\u00dfe 1<\/p>\n","protected":false},"featured_media":122018,"comment_status":"open","ping_status":"closed","template":"","meta":{"_acf_changed":false},"product_cat":[1083,1084],"product_tag":[],"class_list":{"0":"post-67237","1":"product","2":"type-product","3":"status-publish","4":"has-post-thumbnail","6":"product_cat-fruehjahr-sommer-2025","7":"product_cat-hose-fruehjahr-sommer-2025","9":"first","10":"instock","11":"sale","12":"taxable","13":"shipping-taxable","14":"purchasable","15":"product-type-variable","16":"wvs-archive-product-wrapper"},"acf":[],"_links":{"self":[{"href":"https:\/\/elemente-clemente.de\/en\/wp-json\/wp\/v2\/product\/67237","targetHints":{"allow":["GET"]}}],"collection":[{"href":"https:\/\/elemente-clemente.de\/en\/wp-json\/wp\/v2\/product"}],"about":[{"href":"https:\/\/elemente-clemente.de\/en\/wp-json\/wp\/v2\/types\/product"}],"replies":[{"embeddable":true,"href":"https:\/\/elemente-clemente.de\/en\/wp-json\/wp\/v2\/comments?post=67237"}],"wp:featuredmedia":[{"embeddable":true,"href":"https:\/\/elemente-clemente.de\/en\/wp-json\/wp\/v2\/media\/122018"}],"wp:attachment":[{"href":"https:\/\/elemente-clemente.de\/en\/wp-json\/wp\/v2\/media?parent=67237"}],"wp:term":[{"taxonomy":"product_cat","embeddable":true,"href":"https:\/\/elemente-clemente.de\/en\/wp-json\/wp\/v2\/product_cat?post=67237"},{"taxonomy":"product_tag","embeddable":true,"href":"https:\/\/elemente-clemente.de\/en\/wp-json\/wp\/v2\/product_tag?post=67237"}],"curies":[{"name":"wp","href":"https:\/\/api.w.org\/{rel}","templated":true}]}}