{"id":67182,"date":"2025-03-23T11:20:39","date_gmt":"2025-03-23T10:20:39","guid":{"rendered":"https:\/\/elemente-clemente.de\/?post_type=product&#038;p=67182"},"modified":"2026-04-06T19:57:14","modified_gmt":"2026-04-06T17:57:14","slug":"pants-skara-fs25-c15d223-682b","status":"publish","type":"product","link":"https:\/\/elemente-clemente.de\/en\/shop\/fruehjahr-sommer-2025\/hose-fruehjahr-sommer-2025\/pants-skara-fs25-c15d223-682b\/","title":{"rendered":"Pants Skara aus Bio-Baumwolle"},"content":{"rendered":"<p class=\"p1\">Weit geschnittene Hose mit Seitentaschen und weitem Bein<\/p>\n<p>Vorne flacher, fester Taillenbund<br \/>Gummi im hinteren Bund<br \/>Weites, verk\u00fcrztes Bein<br \/>Seitliche Paspeltaschen Taschen<\/p>\n<p>Unser Modell ist 170 cm gro\u00df und tr\u00e4gt Gr\u00f6\u00dfe 1<\/p>\n","protected":false},"excerpt":{"rendered":"<p>Weit geschnittene Hose mit Seitentaschen und weitem Bein Vorne flacher, fester TaillenbundGummi im hinteren BundWeites, verk\u00fcrztes BeinSeitliche Paspeltaschen Taschen Unser Modell ist 170 cm gro\u00df und tr\u00e4gt Gr\u00f6\u00dfe 1<\/p>\n","protected":false},"featured_media":121932,"comment_status":"open","ping_status":"closed","template":"","meta":{"_acf_changed":false},"product_cat":[1083,1084],"product_tag":[],"class_list":{"0":"post-67182","1":"product","2":"type-product","3":"status-publish","4":"has-post-thumbnail","6":"product_cat-fruehjahr-sommer-2025","7":"product_cat-hose-fruehjahr-sommer-2025","9":"first","10":"instock","11":"sale","12":"taxable","13":"shipping-taxable","14":"purchasable","15":"product-type-variable","16":"wvs-archive-product-wrapper"},"acf":[],"_links":{"self":[{"href":"https:\/\/elemente-clemente.de\/en\/wp-json\/wp\/v2\/product\/67182","targetHints":{"allow":["GET"]}}],"collection":[{"href":"https:\/\/elemente-clemente.de\/en\/wp-json\/wp\/v2\/product"}],"about":[{"href":"https:\/\/elemente-clemente.de\/en\/wp-json\/wp\/v2\/types\/product"}],"replies":[{"embeddable":true,"href":"https:\/\/elemente-clemente.de\/en\/wp-json\/wp\/v2\/comments?post=67182"}],"wp:featuredmedia":[{"embeddable":true,"href":"https:\/\/elemente-clemente.de\/en\/wp-json\/wp\/v2\/media\/121932"}],"wp:attachment":[{"href":"https:\/\/elemente-clemente.de\/en\/wp-json\/wp\/v2\/media?parent=67182"}],"wp:term":[{"taxonomy":"product_cat","embeddable":true,"href":"https:\/\/elemente-clemente.de\/en\/wp-json\/wp\/v2\/product_cat?post=67182"},{"taxonomy":"product_tag","embeddable":true,"href":"https:\/\/elemente-clemente.de\/en\/wp-json\/wp\/v2\/product_tag?post=67182"}],"curies":[{"name":"wp","href":"https:\/\/api.w.org\/{rel}","templated":true}]}}