{"id":67118,"date":"2025-03-23T11:01:11","date_gmt":"2025-03-23T10:01:11","guid":{"rendered":"https:\/\/elemente-clemente.de\/?post_type=product&#038;p=67118"},"modified":"2026-04-29T19:46:52","modified_gmt":"2026-04-29T17:46:52","slug":"pants-rundu-fs25-c15d210-123","status":"publish","type":"product","link":"https:\/\/elemente-clemente.de\/en\/shop\/fruehjahr-sommer-2025\/hose-fruehjahr-sommer-2025\/pants-rundu-fs25-c15d210-123\/","title":{"rendered":"Pants Rundu aus 100% Leinen"},"content":{"rendered":"<p class=\"p1\">Lange Hose<\/p>\n<p>gerade Passform<br \/>elastischer\u00a0 Gummizug im Bund mit Kordelzug<br \/>Seitliche Paspel Taschen<\/p>\n<p>Unser Modell ist 170 cm gro\u00df und tr\u00e4gt Gr\u00f6\u00dfe 1<\/p>\n","protected":false},"excerpt":{"rendered":"<p>Lange Hose gerade Passformelastischer\u00a0 Gummizug im Bund mit KordelzugSeitliche Paspel Taschen Unser Modell ist 170 cm gro\u00df und tr\u00e4gt Gr\u00f6\u00dfe 1<\/p>\n","protected":false},"featured_media":121888,"comment_status":"open","ping_status":"closed","template":"","meta":{"_acf_changed":false},"product_cat":[1083,1084],"product_tag":[],"class_list":{"0":"post-67118","1":"product","2":"type-product","3":"status-publish","4":"has-post-thumbnail","6":"product_cat-fruehjahr-sommer-2025","7":"product_cat-hose-fruehjahr-sommer-2025","9":"first","10":"instock","11":"sale","12":"taxable","13":"shipping-taxable","14":"purchasable","15":"product-type-variable","16":"wvs-archive-product-wrapper"},"acf":[],"_links":{"self":[{"href":"https:\/\/elemente-clemente.de\/en\/wp-json\/wp\/v2\/product\/67118","targetHints":{"allow":["GET"]}}],"collection":[{"href":"https:\/\/elemente-clemente.de\/en\/wp-json\/wp\/v2\/product"}],"about":[{"href":"https:\/\/elemente-clemente.de\/en\/wp-json\/wp\/v2\/types\/product"}],"replies":[{"embeddable":true,"href":"https:\/\/elemente-clemente.de\/en\/wp-json\/wp\/v2\/comments?post=67118"}],"wp:featuredmedia":[{"embeddable":true,"href":"https:\/\/elemente-clemente.de\/en\/wp-json\/wp\/v2\/media\/121888"}],"wp:attachment":[{"href":"https:\/\/elemente-clemente.de\/en\/wp-json\/wp\/v2\/media?parent=67118"}],"wp:term":[{"taxonomy":"product_cat","embeddable":true,"href":"https:\/\/elemente-clemente.de\/en\/wp-json\/wp\/v2\/product_cat?post=67118"},{"taxonomy":"product_tag","embeddable":true,"href":"https:\/\/elemente-clemente.de\/en\/wp-json\/wp\/v2\/product_tag?post=67118"}],"curies":[{"name":"wp","href":"https:\/\/api.w.org\/{rel}","templated":true}]}}