{"id":66963,"date":"2025-03-19T10:20:51","date_gmt":"2025-03-19T09:20:51","guid":{"rendered":"https:\/\/elemente-clemente.de\/?post_type=product&#038;p=66963"},"modified":"2026-04-21T19:55:44","modified_gmt":"2026-04-21T17:55:44","slug":"pants-burama-fs25-c15d215-1129","status":"publish","type":"product","link":"https:\/\/elemente-clemente.de\/en\/shop\/fruehjahr-sommer-2025\/hose-fruehjahr-sommer-2025\/pants-burama-fs25-c15d215-1129\/","title":{"rendered":"Pants Burama aus Tencel\u2122 mit Leinen"},"content":{"rendered":"<p class=\"p1\">Cargo Hose mit 2 schr\u00e4ge Eingrifftaschen<\/p>\n<p>Eine gro\u00dfe aufgesetzte Tasche auf der rechten R\u00fcckseite<br \/>Kleine Kordeln am Saum zum Verstellen<\/p>\n<p>Unser Modell ist 170 cm gro\u00df und tr\u00e4gt Gr\u00f6\u00dfe 1<\/p>\n","protected":false},"excerpt":{"rendered":"<p>Cargo Hose mit 2 schr\u00e4ge Eingrifftaschen Eine gro\u00dfe aufgesetzte Tasche auf der rechten R\u00fcckseiteKleine Kordeln am Saum zum Verstellen Unser Modell ist 170 cm gro\u00df und tr\u00e4gt Gr\u00f6\u00dfe 1<\/p>\n","protected":false},"featured_media":121912,"comment_status":"open","ping_status":"closed","template":"","meta":{"_acf_changed":false},"product_cat":[1083,1084],"product_tag":[1121],"class_list":{"0":"post-66963","1":"product","2":"type-product","3":"status-publish","4":"has-post-thumbnail","6":"product_cat-fruehjahr-sommer-2025","7":"product_cat-hose-fruehjahr-sommer-2025","8":"product_tag-tencel","10":"first","11":"instock","12":"sale","13":"taxable","14":"shipping-taxable","15":"purchasable","16":"product-type-variable","17":"wvs-archive-product-wrapper"},"acf":[],"_links":{"self":[{"href":"https:\/\/elemente-clemente.de\/en\/wp-json\/wp\/v2\/product\/66963","targetHints":{"allow":["GET"]}}],"collection":[{"href":"https:\/\/elemente-clemente.de\/en\/wp-json\/wp\/v2\/product"}],"about":[{"href":"https:\/\/elemente-clemente.de\/en\/wp-json\/wp\/v2\/types\/product"}],"replies":[{"embeddable":true,"href":"https:\/\/elemente-clemente.de\/en\/wp-json\/wp\/v2\/comments?post=66963"}],"wp:featuredmedia":[{"embeddable":true,"href":"https:\/\/elemente-clemente.de\/en\/wp-json\/wp\/v2\/media\/121912"}],"wp:attachment":[{"href":"https:\/\/elemente-clemente.de\/en\/wp-json\/wp\/v2\/media?parent=66963"}],"wp:term":[{"taxonomy":"product_cat","embeddable":true,"href":"https:\/\/elemente-clemente.de\/en\/wp-json\/wp\/v2\/product_cat?post=66963"},{"taxonomy":"product_tag","embeddable":true,"href":"https:\/\/elemente-clemente.de\/en\/wp-json\/wp\/v2\/product_tag?post=66963"}],"curies":[{"name":"wp","href":"https:\/\/api.w.org\/{rel}","templated":true}]}}