{"id":66814,"date":"2025-03-18T16:54:31","date_gmt":"2025-03-18T15:54:31","guid":{"rendered":"https:\/\/elemente-clemente.de\/?post_type=product&#038;p=66814"},"modified":"2026-04-14T19:45:49","modified_gmt":"2026-04-14T17:45:49","slug":"pants-deparo-fs25-c15d204-975","status":"publish","type":"product","link":"https:\/\/elemente-clemente.de\/en\/shop\/fruehjahr-sommer-2025\/hose-fruehjahr-sommer-2025\/pants-deparo-fs25-c15d204-975\/","title":{"rendered":"Pants Deparo aus recycelter Mikrofaser"},"content":{"rendered":"<p class=\"p1\">L\u00e4ssige Culotte-Hose mit Bindeband vorne<\/p>\n<p>lange Schlitze<\/p>\n<p>Unser Modell ist 174 cm gr0\u00df und tr\u00e4gt Gr\u00f6\u00dfe 1<\/p>\n","protected":false},"excerpt":{"rendered":"<p>L\u00e4ssige Culotte-Hose mit Bindeband vorne lange Schlitze Unser Modell ist 174 cm gr0\u00df und tr\u00e4gt Gr\u00f6\u00dfe 1<\/p>\n","protected":false},"featured_media":121788,"comment_status":"open","ping_status":"closed","template":"","meta":{"_acf_changed":false},"product_cat":[1083,1084],"product_tag":[1011],"class_list":{"0":"post-66814","1":"product","2":"type-product","3":"status-publish","4":"has-post-thumbnail","6":"product_cat-fruehjahr-sommer-2025","7":"product_cat-hose-fruehjahr-sommer-2025","8":"product_tag-polyamide","10":"first","11":"instock","12":"taxable","13":"shipping-taxable","14":"purchasable","15":"product-type-variable","16":"wvs-archive-product-wrapper"},"acf":[],"_links":{"self":[{"href":"https:\/\/elemente-clemente.de\/en\/wp-json\/wp\/v2\/product\/66814","targetHints":{"allow":["GET"]}}],"collection":[{"href":"https:\/\/elemente-clemente.de\/en\/wp-json\/wp\/v2\/product"}],"about":[{"href":"https:\/\/elemente-clemente.de\/en\/wp-json\/wp\/v2\/types\/product"}],"replies":[{"embeddable":true,"href":"https:\/\/elemente-clemente.de\/en\/wp-json\/wp\/v2\/comments?post=66814"}],"wp:featuredmedia":[{"embeddable":true,"href":"https:\/\/elemente-clemente.de\/en\/wp-json\/wp\/v2\/media\/121788"}],"wp:attachment":[{"href":"https:\/\/elemente-clemente.de\/en\/wp-json\/wp\/v2\/media?parent=66814"}],"wp:term":[{"taxonomy":"product_cat","embeddable":true,"href":"https:\/\/elemente-clemente.de\/en\/wp-json\/wp\/v2\/product_cat?post=66814"},{"taxonomy":"product_tag","embeddable":true,"href":"https:\/\/elemente-clemente.de\/en\/wp-json\/wp\/v2\/product_tag?post=66814"}],"curies":[{"name":"wp","href":"https:\/\/api.w.org\/{rel}","templated":true}]}}