{"id":66780,"date":"2025-03-18T16:49:50","date_gmt":"2025-03-18T15:49:50","guid":{"rendered":"https:\/\/elemente-clemente.de\/?post_type=product&#038;p=66780"},"modified":"2026-04-15T19:45:04","modified_gmt":"2026-04-15T17:45:04","slug":"blouse-igota-fs25-c15d161-055","status":"publish","type":"product","link":"https:\/\/elemente-clemente.de\/en\/shop\/fruehjahr-sommer-2025\/bluse-fruehjahr-sommer-2025\/blouse-igota-fs25-c15d161-055\/","title":{"rendered":"Bluse Igota aus 100% Leinen"},"content":{"rendered":"<p class=\"p1\">Kurze Bluse mit V-Ausschnitt<\/p>\n<p>\u00dcberschnittene Schulter<br \/>Kurze, \u00fcberschnittene \u00c4rmel<br \/>Aufgesetzte Brusttasche<br \/>Leicht abgerundeter Saum<br \/>Unser Modell ist 175 cm gro\u00df und tr\u00e4gt Gr\u00f6\u00dfe I<\/p>\n","protected":false},"excerpt":{"rendered":"<p>Kurze Bluse mit V-Ausschnitt \u00dcberschnittene SchulterKurze, \u00fcberschnittene \u00c4rmelAufgesetzte BrusttascheLeicht abgerundeter SaumUnser Modell ist 175 cm gro\u00df und tr\u00e4gt Gr\u00f6\u00dfe I<\/p>\n","protected":false},"featured_media":121766,"comment_status":"open","ping_status":"closed","template":"","meta":{"_acf_changed":false},"product_cat":[1083,1085],"product_tag":[],"class_list":{"0":"post-66780","1":"product","2":"type-product","3":"status-publish","4":"has-post-thumbnail","6":"product_cat-fruehjahr-sommer-2025","7":"product_cat-bluse-fruehjahr-sommer-2025","9":"first","10":"instock","11":"sale","12":"taxable","13":"shipping-taxable","14":"purchasable","15":"product-type-variable","16":"wvs-archive-product-wrapper"},"acf":[],"_links":{"self":[{"href":"https:\/\/elemente-clemente.de\/en\/wp-json\/wp\/v2\/product\/66780","targetHints":{"allow":["GET"]}}],"collection":[{"href":"https:\/\/elemente-clemente.de\/en\/wp-json\/wp\/v2\/product"}],"about":[{"href":"https:\/\/elemente-clemente.de\/en\/wp-json\/wp\/v2\/types\/product"}],"replies":[{"embeddable":true,"href":"https:\/\/elemente-clemente.de\/en\/wp-json\/wp\/v2\/comments?post=66780"}],"wp:featuredmedia":[{"embeddable":true,"href":"https:\/\/elemente-clemente.de\/en\/wp-json\/wp\/v2\/media\/121766"}],"wp:attachment":[{"href":"https:\/\/elemente-clemente.de\/en\/wp-json\/wp\/v2\/media?parent=66780"}],"wp:term":[{"taxonomy":"product_cat","embeddable":true,"href":"https:\/\/elemente-clemente.de\/en\/wp-json\/wp\/v2\/product_cat?post=66780"},{"taxonomy":"product_tag","embeddable":true,"href":"https:\/\/elemente-clemente.de\/en\/wp-json\/wp\/v2\/product_tag?post=66780"}],"curies":[{"name":"wp","href":"https:\/\/api.w.org\/{rel}","templated":true}]}}