{"id":66396,"date":"2025-02-25T18:56:59","date_gmt":"2025-02-25T17:56:59","guid":{"rendered":"https:\/\/elemente-clemente.de\/?post_type=product&#038;p=66396"},"modified":"2026-04-14T21:10:58","modified_gmt":"2026-04-14T19:10:58","slug":"shirt-kapova-fs25-c15d643-1137","status":"publish","type":"product","link":"https:\/\/elemente-clemente.de\/en\/shop\/fruehjahr-sommer-2025\/shirt-top\/shirt-kapova-fs25-c15d643-1137\/","title":{"rendered":"Shirt Kapova aus Bio-Baumwolle mit Streifendruck"},"content":{"rendered":"<p class=\"p1\">Langarm-T-Shirt mit U-Boot-Ausschnitt<\/p>\n<p>Unser Modell ist 176 cm gro\u00df und tr\u00e4gt Gr\u00f6\u00dfe 1<\/p>\n","protected":false},"excerpt":{"rendered":"<p>Langarm-T-Shirt mit U-Boot-Ausschnitt Unser Modell ist 176 cm gro\u00df und tr\u00e4gt Gr\u00f6\u00dfe 1<\/p>\n","protected":false},"featured_media":122500,"comment_status":"open","ping_status":"closed","template":"","meta":{"_acf_changed":false},"product_cat":[1083,1086],"product_tag":[971],"class_list":{"0":"post-66396","1":"product","2":"type-product","3":"status-publish","4":"has-post-thumbnail","6":"product_cat-fruehjahr-sommer-2025","7":"product_cat-shirt-top","8":"product_tag-baumwolle","10":"first","11":"instock","12":"sale","13":"taxable","14":"shipping-taxable","15":"purchasable","16":"product-type-variable","17":"wvs-archive-product-wrapper"},"acf":[],"_links":{"self":[{"href":"https:\/\/elemente-clemente.de\/en\/wp-json\/wp\/v2\/product\/66396","targetHints":{"allow":["GET"]}}],"collection":[{"href":"https:\/\/elemente-clemente.de\/en\/wp-json\/wp\/v2\/product"}],"about":[{"href":"https:\/\/elemente-clemente.de\/en\/wp-json\/wp\/v2\/types\/product"}],"replies":[{"embeddable":true,"href":"https:\/\/elemente-clemente.de\/en\/wp-json\/wp\/v2\/comments?post=66396"}],"wp:featuredmedia":[{"embeddable":true,"href":"https:\/\/elemente-clemente.de\/en\/wp-json\/wp\/v2\/media\/122500"}],"wp:attachment":[{"href":"https:\/\/elemente-clemente.de\/en\/wp-json\/wp\/v2\/media?parent=66396"}],"wp:term":[{"taxonomy":"product_cat","embeddable":true,"href":"https:\/\/elemente-clemente.de\/en\/wp-json\/wp\/v2\/product_cat?post=66396"},{"taxonomy":"product_tag","embeddable":true,"href":"https:\/\/elemente-clemente.de\/en\/wp-json\/wp\/v2\/product_tag?post=66396"}],"curies":[{"name":"wp","href":"https:\/\/api.w.org\/{rel}","templated":true}]}}