{"id":66344,"date":"2025-02-25T18:31:07","date_gmt":"2025-02-25T17:31:07","guid":{"rendered":"https:\/\/elemente-clemente.de\/?post_type=product&#038;p=66344"},"modified":"2026-04-04T20:23:50","modified_gmt":"2026-04-04T18:23:50","slug":"pants-mali-fs25-c15d230-1136","status":"publish","type":"product","link":"https:\/\/elemente-clemente.de\/en\/shop\/fruehjahr-sommer-2025\/hose-fruehjahr-sommer-2025\/pants-mali-fs25-c15d230-1136\/","title":{"rendered":"Hose Mali aus 100% Leinen mit Denim Digitaldruck"},"content":{"rendered":"<p class=\"p1\">Hose mit geradem Bein, gro\u00dfen aufgen\u00e4hten Eingrifftaschen<\/p>\n<p>Vorne flacher, fester Taillenbund<br \/>Elastischer Gummizug im hinteren Bund<br \/>Gerades Bein<br \/>Gro\u00dfe bedruckte Taschen, Trompe-l&#8217;\u0153il-Effekt<\/p>\n<p>Unser Modell 175 cm gro\u00df und tr\u00e4gt Gr\u00f6\u00dfe 1<\/p>\n","protected":false},"excerpt":{"rendered":"<p>Hose mit geradem Bein, gro\u00dfen aufgen\u00e4hten Eingrifftaschen Vorne flacher, fester TaillenbundElastischer Gummizug im hinteren BundGerades BeinGro\u00dfe bedruckte Taschen, Trompe-l&#8217;\u0153il-Effekt Unser Modell 175 cm gro\u00df und tr\u00e4gt Gr\u00f6\u00dfe 1<\/p>\n","protected":false},"featured_media":122028,"comment_status":"open","ping_status":"closed","template":"","meta":{"_acf_changed":false},"product_cat":[1083,1084],"product_tag":[],"class_list":{"0":"post-66344","1":"product","2":"type-product","3":"status-publish","4":"has-post-thumbnail","6":"product_cat-fruehjahr-sommer-2025","7":"product_cat-hose-fruehjahr-sommer-2025","9":"first","10":"instock","11":"sale","12":"taxable","13":"shipping-taxable","14":"purchasable","15":"product-type-variable","16":"wvs-archive-product-wrapper"},"acf":[],"_links":{"self":[{"href":"https:\/\/elemente-clemente.de\/en\/wp-json\/wp\/v2\/product\/66344","targetHints":{"allow":["GET"]}}],"collection":[{"href":"https:\/\/elemente-clemente.de\/en\/wp-json\/wp\/v2\/product"}],"about":[{"href":"https:\/\/elemente-clemente.de\/en\/wp-json\/wp\/v2\/types\/product"}],"replies":[{"embeddable":true,"href":"https:\/\/elemente-clemente.de\/en\/wp-json\/wp\/v2\/comments?post=66344"}],"wp:featuredmedia":[{"embeddable":true,"href":"https:\/\/elemente-clemente.de\/en\/wp-json\/wp\/v2\/media\/122028"}],"wp:attachment":[{"href":"https:\/\/elemente-clemente.de\/en\/wp-json\/wp\/v2\/media?parent=66344"}],"wp:term":[{"taxonomy":"product_cat","embeddable":true,"href":"https:\/\/elemente-clemente.de\/en\/wp-json\/wp\/v2\/product_cat?post=66344"},{"taxonomy":"product_tag","embeddable":true,"href":"https:\/\/elemente-clemente.de\/en\/wp-json\/wp\/v2\/product_tag?post=66344"}],"curies":[{"name":"wp","href":"https:\/\/api.w.org\/{rel}","templated":true}]}}