{"id":66320,"date":"2025-02-25T18:18:05","date_gmt":"2025-02-25T17:18:05","guid":{"rendered":"https:\/\/elemente-clemente.de\/?post_type=product&#038;p=66320"},"modified":"2026-04-14T19:44:26","modified_gmt":"2026-04-14T17:44:26","slug":"blouse-tege-fs25-c15d134-1136","status":"publish","type":"product","link":"https:\/\/elemente-clemente.de\/en\/shop\/fruehjahr-sommer-2025\/bluse-fruehjahr-sommer-2025\/blouse-tege-fs25-c15d134-1136\/","title":{"rendered":"Bluse Tege aus 100% Leinen mit Denim Digitaldruck"},"content":{"rendered":"<p class=\"p1\">Kastig geschnittene Bluse mit Jeansdruck<\/p>\n<p>Kleiner Kragen<br \/>Fledermaus\u00e4rmel mit \u00c4rmellaschen<br \/>Durchgehende Knopfleiste<br \/>Vorne k\u00fcrzer und seitliche kleine Schlitze<\/p>\n<p>Unser Modell ist 174 cm gro\u00df und tr\u00e4gt Gr\u00f6\u00dfe I<\/p>\n","protected":false},"excerpt":{"rendered":"<p>Kastig geschnittene Bluse mit Jeansdruck Kleiner KragenFledermaus\u00e4rmel mit \u00c4rmellaschenDurchgehende KnopfleisteVorne k\u00fcrzer und seitliche kleine Schlitze Unser Modell ist 174 cm gro\u00df und tr\u00e4gt Gr\u00f6\u00dfe I<\/p>\n","protected":false},"featured_media":121756,"comment_status":"open","ping_status":"closed","template":"","meta":{"_acf_changed":false},"product_cat":[1083,1085],"product_tag":[],"class_list":{"0":"post-66320","1":"product","2":"type-product","3":"status-publish","4":"has-post-thumbnail","6":"product_cat-fruehjahr-sommer-2025","7":"product_cat-bluse-fruehjahr-sommer-2025","9":"first","10":"outofstock","11":"sale","12":"taxable","13":"shipping-taxable","14":"purchasable","15":"product-type-variable","16":"wvs-archive-product-wrapper"},"acf":[],"_links":{"self":[{"href":"https:\/\/elemente-clemente.de\/en\/wp-json\/wp\/v2\/product\/66320","targetHints":{"allow":["GET"]}}],"collection":[{"href":"https:\/\/elemente-clemente.de\/en\/wp-json\/wp\/v2\/product"}],"about":[{"href":"https:\/\/elemente-clemente.de\/en\/wp-json\/wp\/v2\/types\/product"}],"replies":[{"embeddable":true,"href":"https:\/\/elemente-clemente.de\/en\/wp-json\/wp\/v2\/comments?post=66320"}],"wp:featuredmedia":[{"embeddable":true,"href":"https:\/\/elemente-clemente.de\/en\/wp-json\/wp\/v2\/media\/121756"}],"wp:attachment":[{"href":"https:\/\/elemente-clemente.de\/en\/wp-json\/wp\/v2\/media?parent=66320"}],"wp:term":[{"taxonomy":"product_cat","embeddable":true,"href":"https:\/\/elemente-clemente.de\/en\/wp-json\/wp\/v2\/product_cat?post=66320"},{"taxonomy":"product_tag","embeddable":true,"href":"https:\/\/elemente-clemente.de\/en\/wp-json\/wp\/v2\/product_tag?post=66320"}],"curies":[{"name":"wp","href":"https:\/\/api.w.org\/{rel}","templated":true}]}}