{"id":66286,"date":"2025-02-25T17:59:49","date_gmt":"2025-02-25T16:59:49","guid":{"rendered":"https:\/\/elemente-clemente.de\/?post_type=product&#038;p=66286"},"modified":"2026-04-22T21:21:40","modified_gmt":"2026-04-22T19:21:40","slug":"top-adiala-fs25-c15d658-1135","status":"publish","type":"product","link":"https:\/\/elemente-clemente.de\/en\/shop\/fruehjahr-sommer-2025\/shirt-top\/top-adiala-fs25-c15d658-1135\/","title":{"rendered":"Top Adiala mit Pailletten Digitaldruck"},"content":{"rendered":"<p class=\"p1\">Top mit verstellbaren Tr\u00e4gern<\/p>\n<p>fransige Ausschnittkante<br \/>gerade Passform<br \/>Brustabn\u00e4her<\/p>\n<p>Unser Modell ist 176 cm gro\u00df und tr\u00e4gt Gr\u00f6\u00dfe 1<\/p>\n","protected":false},"excerpt":{"rendered":"<p>Top mit verstellbaren Tr\u00e4gern fransige Ausschnittkantegerade PassformBrustabn\u00e4her Unser Modell ist 176 cm gro\u00df und tr\u00e4gt Gr\u00f6\u00dfe 1<\/p>\n","protected":false},"featured_media":122544,"comment_status":"open","ping_status":"closed","template":"","meta":{"_acf_changed":false},"product_cat":[1083,1086],"product_tag":[],"class_list":{"0":"post-66286","1":"product","2":"type-product","3":"status-publish","4":"has-post-thumbnail","6":"product_cat-fruehjahr-sommer-2025","7":"product_cat-shirt-top","9":"first","10":"instock","11":"sale","12":"taxable","13":"shipping-taxable","14":"purchasable","15":"product-type-variable","16":"wvs-archive-product-wrapper"},"acf":[],"_links":{"self":[{"href":"https:\/\/elemente-clemente.de\/en\/wp-json\/wp\/v2\/product\/66286","targetHints":{"allow":["GET"]}}],"collection":[{"href":"https:\/\/elemente-clemente.de\/en\/wp-json\/wp\/v2\/product"}],"about":[{"href":"https:\/\/elemente-clemente.de\/en\/wp-json\/wp\/v2\/types\/product"}],"replies":[{"embeddable":true,"href":"https:\/\/elemente-clemente.de\/en\/wp-json\/wp\/v2\/comments?post=66286"}],"wp:featuredmedia":[{"embeddable":true,"href":"https:\/\/elemente-clemente.de\/en\/wp-json\/wp\/v2\/media\/122544"}],"wp:attachment":[{"href":"https:\/\/elemente-clemente.de\/en\/wp-json\/wp\/v2\/media?parent=66286"}],"wp:term":[{"taxonomy":"product_cat","embeddable":true,"href":"https:\/\/elemente-clemente.de\/en\/wp-json\/wp\/v2\/product_cat?post=66286"},{"taxonomy":"product_tag","embeddable":true,"href":"https:\/\/elemente-clemente.de\/en\/wp-json\/wp\/v2\/product_tag?post=66286"}],"curies":[{"name":"wp","href":"https:\/\/api.w.org\/{rel}","templated":true}]}}