{"id":66233,"date":"2025-02-25T17:31:02","date_gmt":"2025-02-25T16:31:02","guid":{"rendered":"https:\/\/elemente-clemente.de\/?post_type=product&#038;p=66233"},"modified":"2026-04-14T20:50:49","modified_gmt":"2026-04-14T18:50:49","slug":"dress-zombali-fs25-c15d426-1133","status":"publish","type":"product","link":"https:\/\/elemente-clemente.de\/en\/shop\/fruehjahr-sommer-2025\/kleid-rock\/dress-zombali-fs25-c15d426-1133\/","title":{"rendered":"Kleid Zombali aus 100% Leinen dip-dye"},"content":{"rendered":"<p class=\"p1\">Langes Kleid im Kaftan-Style<\/p>\n<p>V-Ausschnitt<br \/>Seitliche lange Schlitze<br \/>Teilungsnaht in vorderer Mitte<br \/>3\/4-\u00c4rmel mit kleinen Schlitzen<br \/>Seitennahttaschen<\/p>\n<p>Unser Modell ist 176 cm gro\u00df und tr\u00e4gt Gr\u00f6\u00dfe 1<\/p>\n","protected":false},"excerpt":{"rendered":"<p>Langes Kleid im Kaftan-Style V-AusschnittSeitliche lange SchlitzeTeilungsnaht in vorderer Mitte3\/4-\u00c4rmel mit kleinen SchlitzenSeitennahttaschen Unser Modell ist 176 cm gro\u00df und tr\u00e4gt Gr\u00f6\u00dfe 1<\/p>\n","protected":false},"featured_media":122236,"comment_status":"open","ping_status":"closed","template":"","meta":{"_acf_changed":false},"product_cat":[1083,1087],"product_tag":[999],"class_list":{"0":"post-66233","1":"product","2":"type-product","3":"status-publish","4":"has-post-thumbnail","6":"product_cat-fruehjahr-sommer-2025","7":"product_cat-kleid-rock","8":"product_tag-leinen","10":"first","11":"instock","12":"sale","13":"taxable","14":"shipping-taxable","15":"purchasable","16":"product-type-variable","17":"wvs-archive-product-wrapper"},"acf":[],"_links":{"self":[{"href":"https:\/\/elemente-clemente.de\/en\/wp-json\/wp\/v2\/product\/66233","targetHints":{"allow":["GET"]}}],"collection":[{"href":"https:\/\/elemente-clemente.de\/en\/wp-json\/wp\/v2\/product"}],"about":[{"href":"https:\/\/elemente-clemente.de\/en\/wp-json\/wp\/v2\/types\/product"}],"replies":[{"embeddable":true,"href":"https:\/\/elemente-clemente.de\/en\/wp-json\/wp\/v2\/comments?post=66233"}],"wp:featuredmedia":[{"embeddable":true,"href":"https:\/\/elemente-clemente.de\/en\/wp-json\/wp\/v2\/media\/122236"}],"wp:attachment":[{"href":"https:\/\/elemente-clemente.de\/en\/wp-json\/wp\/v2\/media?parent=66233"}],"wp:term":[{"taxonomy":"product_cat","embeddable":true,"href":"https:\/\/elemente-clemente.de\/en\/wp-json\/wp\/v2\/product_cat?post=66233"},{"taxonomy":"product_tag","embeddable":true,"href":"https:\/\/elemente-clemente.de\/en\/wp-json\/wp\/v2\/product_tag?post=66233"}],"curies":[{"name":"wp","href":"https:\/\/api.w.org\/{rel}","templated":true}]}}