{"id":65955,"date":"2025-02-25T12:36:10","date_gmt":"2025-02-25T11:36:10","guid":{"rendered":"https:\/\/elemente-clemente.de\/?post_type=product&#038;p=65955"},"modified":"2026-04-14T20:58:45","modified_gmt":"2026-04-14T18:58:45","slug":"dress-tripolin-reversible-fs25-c15d486-1131","status":"publish","type":"product","link":"https:\/\/elemente-clemente.de\/en\/shop\/fruehjahr-sommer-2025\/kleid-rock\/dress-tripolin-reversible-fs25-c15d486-1131\/","title":{"rendered":"Kleid Tripolin zum Wenden mit Kunst Digitaldruck"},"content":{"rendered":"<p>vorne-hinten wendbares Kleid<\/p>\n<ul>\n<li>Verschluss mit Knoten<\/li>\n<li>Tunnelzug am Ausschnitt<\/li>\n<li>A-Linie, zwei gro\u00dfe Schlitze an den Seiten<\/li>\n<\/ul>\n<p>Unser Modell ist 175 cm gr0\u00df und tr\u00e4gt Gr\u00f6\u00dfe I<\/p>\n","protected":false},"excerpt":{"rendered":"<p>vorne-hinten wendbares Kleid Verschluss mit Knoten Tunnelzug am Ausschnitt A-Linie, zwei gro\u00dfe Schlitze an den Seiten Unser Modell ist 175 cm gr0\u00df und tr\u00e4gt Gr\u00f6\u00dfe I<\/p>\n","protected":false},"featured_media":122350,"comment_status":"open","ping_status":"closed","template":"","meta":{"_acf_changed":false},"product_cat":[1083,1087],"product_tag":[],"class_list":{"0":"post-65955","1":"product","2":"type-product","3":"status-publish","4":"has-post-thumbnail","6":"product_cat-fruehjahr-sommer-2025","7":"product_cat-kleid-rock","9":"first","10":"instock","11":"sale","12":"taxable","13":"shipping-taxable","14":"purchasable","15":"product-type-variable","16":"wvs-archive-product-wrapper"},"acf":[],"_links":{"self":[{"href":"https:\/\/elemente-clemente.de\/en\/wp-json\/wp\/v2\/product\/65955","targetHints":{"allow":["GET"]}}],"collection":[{"href":"https:\/\/elemente-clemente.de\/en\/wp-json\/wp\/v2\/product"}],"about":[{"href":"https:\/\/elemente-clemente.de\/en\/wp-json\/wp\/v2\/types\/product"}],"replies":[{"embeddable":true,"href":"https:\/\/elemente-clemente.de\/en\/wp-json\/wp\/v2\/comments?post=65955"}],"wp:featuredmedia":[{"embeddable":true,"href":"https:\/\/elemente-clemente.de\/en\/wp-json\/wp\/v2\/media\/122350"}],"wp:attachment":[{"href":"https:\/\/elemente-clemente.de\/en\/wp-json\/wp\/v2\/media?parent=65955"}],"wp:term":[{"taxonomy":"product_cat","embeddable":true,"href":"https:\/\/elemente-clemente.de\/en\/wp-json\/wp\/v2\/product_cat?post=65955"},{"taxonomy":"product_tag","embeddable":true,"href":"https:\/\/elemente-clemente.de\/en\/wp-json\/wp\/v2\/product_tag?post=65955"}],"curies":[{"name":"wp","href":"https:\/\/api.w.org\/{rel}","templated":true}]}}