{"id":65919,"date":"2025-02-25T12:24:31","date_gmt":"2025-02-25T11:24:31","guid":{"rendered":"https:\/\/elemente-clemente.de\/?post_type=product&#038;p=65919"},"modified":"2026-04-03T20:57:33","modified_gmt":"2026-04-03T18:57:33","slug":"dress-som-fs25-c15d482-1131","status":"publish","type":"product","link":"https:\/\/elemente-clemente.de\/en\/shop\/fruehjahr-sommer-2025\/kleid-rock\/dress-som-fs25-c15d482-1131\/","title":{"rendered":"Kleid Som aus 100% Leinen mit Kunst Digitaldruck"},"content":{"rendered":"<p class=\"p1\">Minimalistisches, \u00e4rmelloses Kleid in A-Linie mit Kunst Digitaldruck<\/p>\n<p>Rundhalsausschnitt<br \/>\u00e4rmellos<br \/>seitlich geschlitzt<br \/>A-Linie, seitliche Taschen<br \/>Unser Modell ist 176 cm gro\u00df und tr\u00e4gt Gr\u00f6\u00dfe 1<\/p>\n","protected":false},"excerpt":{"rendered":"<p>Minimalistisches, \u00e4rmelloses Kleid in A-Linie mit Kunst Digitaldruck Rundhalsausschnitt\u00e4rmellosseitlich geschlitztA-Linie, seitliche TaschenUnser Modell ist 176 cm gro\u00df und tr\u00e4gt Gr\u00f6\u00dfe 1<\/p>\n","protected":false},"featured_media":122332,"comment_status":"open","ping_status":"closed","template":"","meta":{"_acf_changed":false},"product_cat":[1083,1087],"product_tag":[],"class_list":{"0":"post-65919","1":"product","2":"type-product","3":"status-publish","4":"has-post-thumbnail","6":"product_cat-fruehjahr-sommer-2025","7":"product_cat-kleid-rock","9":"first","10":"instock","11":"sale","12":"taxable","13":"shipping-taxable","14":"purchasable","15":"product-type-variable","16":"wvs-archive-product-wrapper"},"acf":[],"_links":{"self":[{"href":"https:\/\/elemente-clemente.de\/en\/wp-json\/wp\/v2\/product\/65919","targetHints":{"allow":["GET"]}}],"collection":[{"href":"https:\/\/elemente-clemente.de\/en\/wp-json\/wp\/v2\/product"}],"about":[{"href":"https:\/\/elemente-clemente.de\/en\/wp-json\/wp\/v2\/types\/product"}],"replies":[{"embeddable":true,"href":"https:\/\/elemente-clemente.de\/en\/wp-json\/wp\/v2\/comments?post=65919"}],"wp:featuredmedia":[{"embeddable":true,"href":"https:\/\/elemente-clemente.de\/en\/wp-json\/wp\/v2\/media\/122332"}],"wp:attachment":[{"href":"https:\/\/elemente-clemente.de\/en\/wp-json\/wp\/v2\/media?parent=65919"}],"wp:term":[{"taxonomy":"product_cat","embeddable":true,"href":"https:\/\/elemente-clemente.de\/en\/wp-json\/wp\/v2\/product_cat?post=65919"},{"taxonomy":"product_tag","embeddable":true,"href":"https:\/\/elemente-clemente.de\/en\/wp-json\/wp\/v2\/product_tag?post=65919"}],"curies":[{"name":"wp","href":"https:\/\/api.w.org\/{rel}","templated":true}]}}