{"id":65890,"date":"2025-02-25T12:10:37","date_gmt":"2025-02-25T11:10:37","guid":{"rendered":"https:\/\/elemente-clemente.de\/?post_type=product&#038;p=65890"},"modified":"2026-04-13T20:55:32","modified_gmt":"2026-04-13T18:55:32","slug":"dress-gumare-fs25-c15d481-1131","status":"publish","type":"product","link":"https:\/\/elemente-clemente.de\/en\/shop\/fruehjahr-sommer-2025\/kleid-rock\/dress-gumare-fs25-c15d481-1131\/","title":{"rendered":"Kleid Gumare aus 100% Leinen mit Digitaldruck"},"content":{"rendered":"<p class=\"p1\">Kaftan-Kleid, weit geschnitten mit \u00fcberschnittenen Schultern<\/p>\n<p>V-Ausschnitt,<br \/>lange Schlitze an den Seiten<br \/>zwei seitlichen Eingrifftaschen<\/p>\n<p>Unser Modell ist 174 cm gro\u00df und tr\u00e4gt Gr\u00f6\u00dfe I<\/p>\n","protected":false},"excerpt":{"rendered":"<p>Kaftan-Kleid, weit geschnitten mit \u00fcberschnittenen Schultern V-Ausschnitt,lange Schlitze an den Seitenzwei seitlichen Eingrifftaschen Unser Modell ist 174 cm gro\u00df und tr\u00e4gt Gr\u00f6\u00dfe I<\/p>\n","protected":false},"featured_media":122322,"comment_status":"open","ping_status":"closed","template":"","meta":{"_acf_changed":false},"product_cat":[1083,1087],"product_tag":[999],"class_list":{"0":"post-65890","1":"product","2":"type-product","3":"status-publish","4":"has-post-thumbnail","6":"product_cat-fruehjahr-sommer-2025","7":"product_cat-kleid-rock","8":"product_tag-leinen","10":"first","11":"instock","12":"sale","13":"taxable","14":"shipping-taxable","15":"purchasable","16":"product-type-variable","17":"wvs-archive-product-wrapper"},"acf":[],"_links":{"self":[{"href":"https:\/\/elemente-clemente.de\/en\/wp-json\/wp\/v2\/product\/65890","targetHints":{"allow":["GET"]}}],"collection":[{"href":"https:\/\/elemente-clemente.de\/en\/wp-json\/wp\/v2\/product"}],"about":[{"href":"https:\/\/elemente-clemente.de\/en\/wp-json\/wp\/v2\/types\/product"}],"replies":[{"embeddable":true,"href":"https:\/\/elemente-clemente.de\/en\/wp-json\/wp\/v2\/comments?post=65890"}],"wp:featuredmedia":[{"embeddable":true,"href":"https:\/\/elemente-clemente.de\/en\/wp-json\/wp\/v2\/media\/122322"}],"wp:attachment":[{"href":"https:\/\/elemente-clemente.de\/en\/wp-json\/wp\/v2\/media?parent=65890"}],"wp:term":[{"taxonomy":"product_cat","embeddable":true,"href":"https:\/\/elemente-clemente.de\/en\/wp-json\/wp\/v2\/product_cat?post=65890"},{"taxonomy":"product_tag","embeddable":true,"href":"https:\/\/elemente-clemente.de\/en\/wp-json\/wp\/v2\/product_tag?post=65890"}],"curies":[{"name":"wp","href":"https:\/\/api.w.org\/{rel}","templated":true}]}}