{"id":65841,"date":"2025-02-25T10:15:02","date_gmt":"2025-02-25T09:15:02","guid":{"rendered":"https:\/\/elemente-clemente.de\/?post_type=product&#038;p=65841"},"modified":"2026-04-14T20:40:14","modified_gmt":"2026-04-14T18:40:14","slug":"jacket-safaga-fs25-c15d385-1130","status":"publish","type":"product","link":"https:\/\/elemente-clemente.de\/en\/shop\/fruehjahr-sommer-2025\/jacke-mantel\/jacket-safaga-fs25-c15d385-1130\/","title":{"rendered":"Jacke Safaga aus recycelter Baumwolle"},"content":{"rendered":"<p class=\"p1\">Verschlusslose Tweed Jacke<br \/>Schmale Passform<br \/>Aufgesetzte Taschen<br \/>Unser Modell ist\u00a0176 cm gro\u00df und tr\u00e4gt Gr\u00f6\u00dfe 1<\/p>\n","protected":false},"excerpt":{"rendered":"<p>Verschlusslose Tweed JackeSchmale PassformAufgesetzte TaschenUnser Modell ist\u00a0176 cm gro\u00df und tr\u00e4gt Gr\u00f6\u00dfe 1<\/p>\n","protected":false},"featured_media":122168,"comment_status":"open","ping_status":"closed","template":"","meta":{"_acf_changed":false},"product_cat":[1083,1088],"product_tag":[1122],"class_list":{"0":"post-65841","1":"product","2":"type-product","3":"status-publish","4":"has-post-thumbnail","6":"product_cat-fruehjahr-sommer-2025","7":"product_cat-jacke-mantel","8":"product_tag-recycelte-baumwolle-wolle","10":"first","11":"instock","12":"sale","13":"taxable","14":"shipping-taxable","15":"purchasable","16":"product-type-variable","17":"wvs-archive-product-wrapper"},"acf":[],"_links":{"self":[{"href":"https:\/\/elemente-clemente.de\/en\/wp-json\/wp\/v2\/product\/65841","targetHints":{"allow":["GET"]}}],"collection":[{"href":"https:\/\/elemente-clemente.de\/en\/wp-json\/wp\/v2\/product"}],"about":[{"href":"https:\/\/elemente-clemente.de\/en\/wp-json\/wp\/v2\/types\/product"}],"replies":[{"embeddable":true,"href":"https:\/\/elemente-clemente.de\/en\/wp-json\/wp\/v2\/comments?post=65841"}],"wp:featuredmedia":[{"embeddable":true,"href":"https:\/\/elemente-clemente.de\/en\/wp-json\/wp\/v2\/media\/122168"}],"wp:attachment":[{"href":"https:\/\/elemente-clemente.de\/en\/wp-json\/wp\/v2\/media?parent=65841"}],"wp:term":[{"taxonomy":"product_cat","embeddable":true,"href":"https:\/\/elemente-clemente.de\/en\/wp-json\/wp\/v2\/product_cat?post=65841"},{"taxonomy":"product_tag","embeddable":true,"href":"https:\/\/elemente-clemente.de\/en\/wp-json\/wp\/v2\/product_tag?post=65841"}],"curies":[{"name":"wp","href":"https:\/\/api.w.org\/{rel}","templated":true}]}}