{"id":65732,"date":"2025-02-25T09:33:16","date_gmt":"2025-02-25T08:33:16","guid":{"rendered":"https:\/\/elemente-clemente.de\/?post_type=product&#038;p=65732"},"modified":"2026-04-06T20:27:54","modified_gmt":"2026-04-06T18:27:54","slug":"pants-praiadi-fs25-c15d235-1128","status":"publish","type":"product","link":"https:\/\/elemente-clemente.de\/en\/shop\/fruehjahr-sommer-2025\/hose-fruehjahr-sommer-2025\/pants-praiadi-fs25-c15d235-1128\/","title":{"rendered":"Hose Praiadi aus Tencel\u2122 mit Bio &#8211; Baumwolle"},"content":{"rendered":"<p class=\"p1\">Weit geschnittene Hose mit 2 schr\u00e4ge Eingrifftaschen und weitem Bein mit<\/p>\n<p>1 Klappentasche auf der rechten R\u00fcckseite<br \/>G\u00fcrtelschlaufen<br \/>7\/8-L\u00e4nge<br \/>Leicht ausgestellter Schnitt am Saum<\/p>\n<p>Unser Modell ist 174 cm gro\u00df und tr\u00e4gt Gr\u00f6\u00dfe 0<\/p>\n","protected":false},"excerpt":{"rendered":"<p>Weit geschnittene Hose mit 2 schr\u00e4ge Eingrifftaschen und weitem Bein mit 1 Klappentasche auf der rechten R\u00fcckseiteG\u00fcrtelschlaufen7\/8-L\u00e4ngeLeicht ausgestellter Schnitt am Saum Unser Modell ist 174 cm gro\u00df und tr\u00e4gt Gr\u00f6\u00dfe 0<\/p>\n","protected":false},"featured_media":122042,"comment_status":"open","ping_status":"closed","template":"","meta":{"_acf_changed":false},"product_cat":[1083,1084],"product_tag":[],"class_list":{"0":"post-65732","1":"product","2":"type-product","3":"status-publish","4":"has-post-thumbnail","6":"product_cat-fruehjahr-sommer-2025","7":"product_cat-hose-fruehjahr-sommer-2025","9":"first","10":"instock","11":"sale","12":"taxable","13":"shipping-taxable","14":"purchasable","15":"product-type-variable","16":"wvs-archive-product-wrapper"},"acf":[],"_links":{"self":[{"href":"https:\/\/elemente-clemente.de\/en\/wp-json\/wp\/v2\/product\/65732","targetHints":{"allow":["GET"]}}],"collection":[{"href":"https:\/\/elemente-clemente.de\/en\/wp-json\/wp\/v2\/product"}],"about":[{"href":"https:\/\/elemente-clemente.de\/en\/wp-json\/wp\/v2\/types\/product"}],"replies":[{"embeddable":true,"href":"https:\/\/elemente-clemente.de\/en\/wp-json\/wp\/v2\/comments?post=65732"}],"wp:featuredmedia":[{"embeddable":true,"href":"https:\/\/elemente-clemente.de\/en\/wp-json\/wp\/v2\/media\/122042"}],"wp:attachment":[{"href":"https:\/\/elemente-clemente.de\/en\/wp-json\/wp\/v2\/media?parent=65732"}],"wp:term":[{"taxonomy":"product_cat","embeddable":true,"href":"https:\/\/elemente-clemente.de\/en\/wp-json\/wp\/v2\/product_cat?post=65732"},{"taxonomy":"product_tag","embeddable":true,"href":"https:\/\/elemente-clemente.de\/en\/wp-json\/wp\/v2\/product_tag?post=65732"}],"curies":[{"name":"wp","href":"https:\/\/api.w.org\/{rel}","templated":true}]}}