{"id":65589,"date":"2025-02-25T08:25:52","date_gmt":"2025-02-25T07:25:52","guid":{"rendered":"https:\/\/elemente-clemente.de\/?post_type=product&#038;p=65589"},"modified":"2026-04-14T20:03:32","modified_gmt":"2026-04-14T18:03:32","slug":"pants-sipa-fs25-c15d225-1128","status":"publish","type":"product","link":"https:\/\/elemente-clemente.de\/en\/shop\/fruehjahr-sommer-2025\/hose-fruehjahr-sommer-2025\/pants-sipa-fs25-c15d225-1128\/","title":{"rendered":"Pants Sipa aus Tencel\u2122 mit Bio-Baumwolle"},"content":{"rendered":"<p class=\"p1\">Locker geschnittene Hose in O-Shape<\/p>\n<p>Elastischer Gummibund hinten<br \/>Gro\u00dfe Eingriffstaschen<br \/>7\/8-L\u00e4nge<br \/>Unser Modell ist 175cm und tr\u00e4gt Gr\u00f6\u00dfe 1<\/p>\n","protected":false},"excerpt":{"rendered":"<p>Locker geschnittene Hose in O-Shape Elastischer Gummibund hintenGro\u00dfe Eingriffstaschen7\/8-L\u00e4ngeUnser Modell ist 175cm und tr\u00e4gt Gr\u00f6\u00dfe 1<\/p>\n","protected":false},"featured_media":121942,"comment_status":"open","ping_status":"closed","template":"","meta":{"_acf_changed":false},"product_cat":[1083,1084],"product_tag":[],"class_list":{"0":"post-65589","1":"product","2":"type-product","3":"status-publish","4":"has-post-thumbnail","6":"product_cat-fruehjahr-sommer-2025","7":"product_cat-hose-fruehjahr-sommer-2025","9":"first","10":"instock","11":"sale","12":"taxable","13":"shipping-taxable","14":"purchasable","15":"product-type-variable","16":"wvs-archive-product-wrapper"},"acf":[],"_links":{"self":[{"href":"https:\/\/elemente-clemente.de\/en\/wp-json\/wp\/v2\/product\/65589","targetHints":{"allow":["GET"]}}],"collection":[{"href":"https:\/\/elemente-clemente.de\/en\/wp-json\/wp\/v2\/product"}],"about":[{"href":"https:\/\/elemente-clemente.de\/en\/wp-json\/wp\/v2\/types\/product"}],"replies":[{"embeddable":true,"href":"https:\/\/elemente-clemente.de\/en\/wp-json\/wp\/v2\/comments?post=65589"}],"wp:featuredmedia":[{"embeddable":true,"href":"https:\/\/elemente-clemente.de\/en\/wp-json\/wp\/v2\/media\/121942"}],"wp:attachment":[{"href":"https:\/\/elemente-clemente.de\/en\/wp-json\/wp\/v2\/media?parent=65589"}],"wp:term":[{"taxonomy":"product_cat","embeddable":true,"href":"https:\/\/elemente-clemente.de\/en\/wp-json\/wp\/v2\/product_cat?post=65589"},{"taxonomy":"product_tag","embeddable":true,"href":"https:\/\/elemente-clemente.de\/en\/wp-json\/wp\/v2\/product_tag?post=65589"}],"curies":[{"name":"wp","href":"https:\/\/api.w.org\/{rel}","templated":true}]}}