{"id":65284,"date":"2025-02-24T15:52:14","date_gmt":"2025-02-24T14:52:14","guid":{"rendered":"https:\/\/elemente-clemente.de\/?post_type=product&#038;p=65284"},"modified":"2026-04-15T20:48:03","modified_gmt":"2026-04-15T18:48:03","slug":"dress-owo-fs25-c15d415-1063","status":"publish","type":"product","link":"https:\/\/elemente-clemente.de\/en\/shop\/fruehjahr-sommer-2025\/kleid-rock\/dress-owo-fs25-c15d415-1063\/","title":{"rendered":"Kleid Owo aus 100% Leinen mit Jeans Digitaldruck"},"content":{"rendered":"<p>\u00c4rmelloses Kleid in A-Linie<\/p>\n<ul>\n<li>Seitennahttaschen<\/li>\n<li>Rundhalsausschnitt,<\/li>\n<li>Teilungsnaht mit Schlitz in der vorderen Mitte.<\/li>\n<li>Digitaldruck im Denim-Look mit nachhaltigen Farben auf Wasserbasis<\/li>\n<\/ul>\n<p>Unser Modell ist 176 cm gro\u00df und tr\u00e4gt Gr\u00f6\u00dfe 1<\/p>\n","protected":false},"excerpt":{"rendered":"<p>\u00c4rmelloses Kleid in A-Linie Seitennahttaschen Rundhalsausschnitt, Teilungsnaht mit Schlitz in der vorderen Mitte. Digitaldruck im Denim-Look mit nachhaltigen Farben auf Wasserbasis Unser Modell ist 176 cm gro\u00df und tr\u00e4gt Gr\u00f6\u00dfe 1<\/p>\n","protected":false},"featured_media":122198,"comment_status":"open","ping_status":"closed","template":"","meta":{"_acf_changed":false},"product_cat":[1083,1087],"product_tag":[],"class_list":{"0":"post-65284","1":"product","2":"type-product","3":"status-publish","4":"has-post-thumbnail","6":"product_cat-fruehjahr-sommer-2025","7":"product_cat-kleid-rock","9":"first","10":"instock","11":"sale","12":"taxable","13":"shipping-taxable","14":"purchasable","15":"product-type-variable","16":"wvs-archive-product-wrapper"},"acf":[],"_links":{"self":[{"href":"https:\/\/elemente-clemente.de\/en\/wp-json\/wp\/v2\/product\/65284","targetHints":{"allow":["GET"]}}],"collection":[{"href":"https:\/\/elemente-clemente.de\/en\/wp-json\/wp\/v2\/product"}],"about":[{"href":"https:\/\/elemente-clemente.de\/en\/wp-json\/wp\/v2\/types\/product"}],"replies":[{"embeddable":true,"href":"https:\/\/elemente-clemente.de\/en\/wp-json\/wp\/v2\/comments?post=65284"}],"wp:featuredmedia":[{"embeddable":true,"href":"https:\/\/elemente-clemente.de\/en\/wp-json\/wp\/v2\/media\/122198"}],"wp:attachment":[{"href":"https:\/\/elemente-clemente.de\/en\/wp-json\/wp\/v2\/media?parent=65284"}],"wp:term":[{"taxonomy":"product_cat","embeddable":true,"href":"https:\/\/elemente-clemente.de\/en\/wp-json\/wp\/v2\/product_cat?post=65284"},{"taxonomy":"product_tag","embeddable":true,"href":"https:\/\/elemente-clemente.de\/en\/wp-json\/wp\/v2\/product_tag?post=65284"}],"curies":[{"name":"wp","href":"https:\/\/api.w.org\/{rel}","templated":true}]}}