{"id":65227,"date":"2025-02-23T19:16:04","date_gmt":"2025-02-23T18:16:04","guid":{"rendered":"https:\/\/elemente-clemente.de\/?post_type=product&#038;p=65227"},"modified":"2026-04-22T20:38:14","modified_gmt":"2026-04-22T18:38:14","slug":"pants-geishan-long-fs25-c15d250-1063","status":"publish","type":"product","link":"https:\/\/elemente-clemente.de\/en\/shop\/fruehjahr-sommer-2025\/hose-fruehjahr-sommer-2025\/pants-geishan-long-fs25-c15d250-1063\/","title":{"rendered":"Hose Geishan aus 100% Leinen mit Jeans Digitaldruck"},"content":{"rendered":"<p class=\"p1\">L\u00e4ssig geschnittene Hose<\/p>\n<p>Elastischer Bund im R\u00fcckteil<br \/>Aufgedruckte Fake-Ges\u00e4\u00dftaschen<br \/>Seitliche Eingriffstaschen<br \/>Digitaldruck im Denim-Look mit nachhaltigen Farben auf Wasserbasis<\/p>\n<p>Unser Modell ist 176 cm gro\u00df und tr\u00e4gt Gr\u00f6\u00dfe 1<\/p>\n","protected":false},"excerpt":{"rendered":"<p>L\u00e4ssig geschnittene Hose Elastischer Bund im R\u00fcckteilAufgedruckte Fake-Ges\u00e4\u00dftaschenSeitliche EingriffstaschenDigitaldruck im Denim-Look mit nachhaltigen Farben auf Wasserbasis Unser Modell ist 176 cm gro\u00df und tr\u00e4gt Gr\u00f6\u00dfe 1<\/p>\n","protected":false},"featured_media":122082,"comment_status":"open","ping_status":"closed","template":"","meta":{"_acf_changed":false},"product_cat":[1083,1084],"product_tag":[],"class_list":{"0":"post-65227","1":"product","2":"type-product","3":"status-publish","4":"has-post-thumbnail","6":"product_cat-fruehjahr-sommer-2025","7":"product_cat-hose-fruehjahr-sommer-2025","9":"first","10":"instock","11":"sale","12":"taxable","13":"shipping-taxable","14":"purchasable","15":"product-type-variable","16":"wvs-archive-product-wrapper"},"acf":[],"_links":{"self":[{"href":"https:\/\/elemente-clemente.de\/en\/wp-json\/wp\/v2\/product\/65227","targetHints":{"allow":["GET"]}}],"collection":[{"href":"https:\/\/elemente-clemente.de\/en\/wp-json\/wp\/v2\/product"}],"about":[{"href":"https:\/\/elemente-clemente.de\/en\/wp-json\/wp\/v2\/types\/product"}],"replies":[{"embeddable":true,"href":"https:\/\/elemente-clemente.de\/en\/wp-json\/wp\/v2\/comments?post=65227"}],"wp:featuredmedia":[{"embeddable":true,"href":"https:\/\/elemente-clemente.de\/en\/wp-json\/wp\/v2\/media\/122082"}],"wp:attachment":[{"href":"https:\/\/elemente-clemente.de\/en\/wp-json\/wp\/v2\/media?parent=65227"}],"wp:term":[{"taxonomy":"product_cat","embeddable":true,"href":"https:\/\/elemente-clemente.de\/en\/wp-json\/wp\/v2\/product_cat?post=65227"},{"taxonomy":"product_tag","embeddable":true,"href":"https:\/\/elemente-clemente.de\/en\/wp-json\/wp\/v2\/product_tag?post=65227"}],"curies":[{"name":"wp","href":"https:\/\/api.w.org\/{rel}","templated":true}]}}