{"id":65137,"date":"2025-02-23T18:32:13","date_gmt":"2025-02-23T17:32:13","guid":{"rendered":"https:\/\/elemente-clemente.de\/?post_type=product&#038;p=65137"},"modified":"2026-04-14T19:46:37","modified_gmt":"2026-04-14T17:46:37","slug":"pants-nacale-fs25-c15d205-1063","status":"publish","type":"product","link":"https:\/\/elemente-clemente.de\/en\/shop\/fruehjahr-sommer-2025\/hose-fruehjahr-sommer-2025\/pants-nacale-fs25-c15d205-1063\/","title":{"rendered":"Hose Nacale aus 100% Leinen mit Jeans Digitaldruck"},"content":{"rendered":"<p class=\"p1\">Lange Hose mit B\u00fcgelfalte<\/p>\n<p>\u00a0weite Schnitt<br \/>G\u00fcrtel mit Schnalle<br \/>Seitliche Paspel Taschen hinten<br \/>Seitliche Taschen<br \/>Rei\u00dfverschluss- und Knopfverschluss<\/p>\n<p>Unser Modell ist 176 cm gro\u00df und tr\u00e4gt Gr\u00f6\u00dfe 1<\/p>\n","protected":false},"excerpt":{"rendered":"<p>Lange Hose mit B\u00fcgelfalte \u00a0weite SchnittG\u00fcrtel mit SchnalleSeitliche Paspel Taschen hintenSeitliche TaschenRei\u00dfverschluss- und Knopfverschluss Unser Modell ist 176 cm gro\u00df und tr\u00e4gt Gr\u00f6\u00dfe 1<\/p>\n","protected":false},"featured_media":121798,"comment_status":"open","ping_status":"closed","template":"","meta":{"_acf_changed":false},"product_cat":[1083,1084],"product_tag":[],"class_list":{"0":"post-65137","1":"product","2":"type-product","3":"status-publish","4":"has-post-thumbnail","6":"product_cat-fruehjahr-sommer-2025","7":"product_cat-hose-fruehjahr-sommer-2025","9":"first","10":"instock","11":"sale","12":"taxable","13":"shipping-taxable","14":"purchasable","15":"product-type-variable","16":"wvs-archive-product-wrapper"},"acf":[],"_links":{"self":[{"href":"https:\/\/elemente-clemente.de\/en\/wp-json\/wp\/v2\/product\/65137","targetHints":{"allow":["GET"]}}],"collection":[{"href":"https:\/\/elemente-clemente.de\/en\/wp-json\/wp\/v2\/product"}],"about":[{"href":"https:\/\/elemente-clemente.de\/en\/wp-json\/wp\/v2\/types\/product"}],"replies":[{"embeddable":true,"href":"https:\/\/elemente-clemente.de\/en\/wp-json\/wp\/v2\/comments?post=65137"}],"wp:featuredmedia":[{"embeddable":true,"href":"https:\/\/elemente-clemente.de\/en\/wp-json\/wp\/v2\/media\/121798"}],"wp:attachment":[{"href":"https:\/\/elemente-clemente.de\/en\/wp-json\/wp\/v2\/media?parent=65137"}],"wp:term":[{"taxonomy":"product_cat","embeddable":true,"href":"https:\/\/elemente-clemente.de\/en\/wp-json\/wp\/v2\/product_cat?post=65137"},{"taxonomy":"product_tag","embeddable":true,"href":"https:\/\/elemente-clemente.de\/en\/wp-json\/wp\/v2\/product_tag?post=65137"}],"curies":[{"name":"wp","href":"https:\/\/api.w.org\/{rel}","templated":true}]}}