{"id":65106,"date":"2025-02-23T18:18:45","date_gmt":"2025-02-23T17:18:45","guid":{"rendered":"https:\/\/elemente-clemente.de\/?post_type=product&#038;p=65106"},"modified":"2026-04-22T19:38:57","modified_gmt":"2026-04-22T17:38:57","slug":"blouse-kabo-fs25-c15d121-1063","status":"publish","type":"product","link":"https:\/\/elemente-clemente.de\/en\/shop\/fruehjahr-sommer-2025\/bluse-fruehjahr-sommer-2025\/blouse-kabo-fs25-c15d121-1063\/","title":{"rendered":"Bluse Kabo aus 100% Leinen mit Jeans Digitaldruck"},"content":{"rendered":"<p class=\"p1\">Klassische, oversize Hemdbluse in Jeans Optik<\/p>\n<p>Lange \u00c4rmel<br \/>Klassischer Hemdblusenschnitt<br \/>Seitliche Schlitze Seitenschlitzen am Saum und quadratischen<br \/>Aufgesetzten Brusttaschen.<br \/>Hinten etwas l\u00e4nger geschnitten.<\/p>\n<p>Unser Modell ist 174 cm gro\u00df und tr\u00e4gt Gr\u00f6\u00dfe I<\/p>\n","protected":false},"excerpt":{"rendered":"<p>Klassische, oversize Hemdbluse in Jeans Optik Lange \u00c4rmelKlassischer HemdblusenschnittSeitliche Schlitze Seitenschlitzen am Saum und quadratischenAufgesetzten Brusttaschen.Hinten etwas l\u00e4nger geschnitten. Unser Modell ist 174 cm gro\u00df und tr\u00e4gt Gr\u00f6\u00dfe I<\/p>\n","protected":false},"featured_media":121663,"comment_status":"open","ping_status":"closed","template":"","meta":{"_acf_changed":false},"product_cat":[1083,1085],"product_tag":[],"class_list":{"0":"post-65106","1":"product","2":"type-product","3":"status-publish","4":"has-post-thumbnail","6":"product_cat-fruehjahr-sommer-2025","7":"product_cat-bluse-fruehjahr-sommer-2025","9":"first","10":"instock","11":"sale","12":"taxable","13":"shipping-taxable","14":"purchasable","15":"product-type-variable","16":"wvs-archive-product-wrapper"},"acf":[],"_links":{"self":[{"href":"https:\/\/elemente-clemente.de\/en\/wp-json\/wp\/v2\/product\/65106","targetHints":{"allow":["GET"]}}],"collection":[{"href":"https:\/\/elemente-clemente.de\/en\/wp-json\/wp\/v2\/product"}],"about":[{"href":"https:\/\/elemente-clemente.de\/en\/wp-json\/wp\/v2\/types\/product"}],"replies":[{"embeddable":true,"href":"https:\/\/elemente-clemente.de\/en\/wp-json\/wp\/v2\/comments?post=65106"}],"wp:featuredmedia":[{"embeddable":true,"href":"https:\/\/elemente-clemente.de\/en\/wp-json\/wp\/v2\/media\/121663"}],"wp:attachment":[{"href":"https:\/\/elemente-clemente.de\/en\/wp-json\/wp\/v2\/media?parent=65106"}],"wp:term":[{"taxonomy":"product_cat","embeddable":true,"href":"https:\/\/elemente-clemente.de\/en\/wp-json\/wp\/v2\/product_cat?post=65106"},{"taxonomy":"product_tag","embeddable":true,"href":"https:\/\/elemente-clemente.de\/en\/wp-json\/wp\/v2\/product_tag?post=65106"}],"curies":[{"name":"wp","href":"https:\/\/api.w.org\/{rel}","templated":true}]}}