{"id":64966,"date":"2025-02-23T13:04:35","date_gmt":"2025-02-23T12:04:35","guid":{"rendered":"https:\/\/elemente-clemente.de\/?post_type=product&#038;p=64966"},"modified":"2026-04-14T21:27:58","modified_gmt":"2026-04-14T19:27:58","slug":"shirt-bilene-reversible-fs25-c15d687-123","status":"publish","type":"product","link":"https:\/\/elemente-clemente.de\/en\/shop\/fruehjahr-sommer-2025\/shirt-top\/shirt-bilene-reversible-fs25-c15d687-123\/","title":{"rendered":"Shirt Bilene zum Wenden aus 100% Leinen"},"content":{"rendered":"<p class=\"p1\">Kastig geschnittenes Shirt mit \u00fcberschnittenen Schultern<\/p>\n<p>Lavalierkragen<br \/>Wendbar vorne-hinten<\/p>\n<p>Unser Modell ist 176 cm gro\u00df und tr\u00e4gt Gr\u00f6\u00dfe I<\/p>\n","protected":false},"excerpt":{"rendered":"<p>Kastig geschnittenes Shirt mit \u00fcberschnittenen Schultern LavalierkragenWendbar vorne-hinten Unser Modell ist 176 cm gro\u00df und tr\u00e4gt Gr\u00f6\u00dfe I<\/p>\n","protected":false},"featured_media":122618,"comment_status":"open","ping_status":"closed","template":"","meta":{"_acf_changed":false},"product_cat":[1083,1086],"product_tag":[999],"class_list":{"0":"post-64966","1":"product","2":"type-product","3":"status-publish","4":"has-post-thumbnail","6":"product_cat-fruehjahr-sommer-2025","7":"product_cat-shirt-top","8":"product_tag-leinen","10":"first","11":"instock","12":"sale","13":"taxable","14":"shipping-taxable","15":"purchasable","16":"product-type-variable","17":"wvs-archive-product-wrapper"},"acf":[],"_links":{"self":[{"href":"https:\/\/elemente-clemente.de\/en\/wp-json\/wp\/v2\/product\/64966","targetHints":{"allow":["GET"]}}],"collection":[{"href":"https:\/\/elemente-clemente.de\/en\/wp-json\/wp\/v2\/product"}],"about":[{"href":"https:\/\/elemente-clemente.de\/en\/wp-json\/wp\/v2\/types\/product"}],"replies":[{"embeddable":true,"href":"https:\/\/elemente-clemente.de\/en\/wp-json\/wp\/v2\/comments?post=64966"}],"wp:featuredmedia":[{"embeddable":true,"href":"https:\/\/elemente-clemente.de\/en\/wp-json\/wp\/v2\/media\/122618"}],"wp:attachment":[{"href":"https:\/\/elemente-clemente.de\/en\/wp-json\/wp\/v2\/media?parent=64966"}],"wp:term":[{"taxonomy":"product_cat","embeddable":true,"href":"https:\/\/elemente-clemente.de\/en\/wp-json\/wp\/v2\/product_cat?post=64966"},{"taxonomy":"product_tag","embeddable":true,"href":"https:\/\/elemente-clemente.de\/en\/wp-json\/wp\/v2\/product_tag?post=64966"}],"curies":[{"name":"wp","href":"https:\/\/api.w.org\/{rel}","templated":true}]}}