{"id":64707,"date":"2025-02-23T10:57:47","date_gmt":"2025-02-23T09:57:47","guid":{"rendered":"https:\/\/elemente-clemente.de\/?post_type=product&#038;p=64707"},"modified":"2026-04-22T21:14:35","modified_gmt":"2026-04-22T19:14:35","slug":"vest-kazamar-fs25-c15d617-123","status":"publish","type":"product","link":"https:\/\/elemente-clemente.de\/en\/shop\/fruehjahr-sommer-2025\/shirt-top\/vest-kazamar-fs25-c15d617-123\/","title":{"rendered":"Vest Kazamar aus 100% Leinen"},"content":{"rendered":"<p class=\"p1\">Kurze, gerade geschnittene Weste mit kleinen Seitenschlitzen<\/p>\n<p>V-Ausschnitt<br \/>Knopfleiste<br \/>Seitliche Paspel Taschen<br \/>G\u00fcrtel mit Schnalle im R\u00fccken<\/p>\n<p>Unser Modell ist 174cm gro\u00df und tr\u00e4gt Gr\u00f6\u00dfe 1<\/p>\n","protected":false},"excerpt":{"rendered":"<p>Kurze, gerade geschnittene Weste mit kleinen Seitenschlitzen V-AusschnittKnopfleisteSeitliche Paspel TaschenG\u00fcrtel mit Schnalle im R\u00fccken Unser Modell ist 174cm gro\u00df und tr\u00e4gt Gr\u00f6\u00dfe 1<\/p>\n","protected":false},"featured_media":122468,"comment_status":"open","ping_status":"closed","template":"","meta":{"_acf_changed":false},"product_cat":[1083,1086],"product_tag":[],"class_list":{"0":"post-64707","1":"product","2":"type-product","3":"status-publish","4":"has-post-thumbnail","6":"product_cat-fruehjahr-sommer-2025","7":"product_cat-shirt-top","9":"first","10":"instock","11":"sale","12":"taxable","13":"shipping-taxable","14":"purchasable","15":"product-type-variable","16":"wvs-archive-product-wrapper"},"acf":[],"_links":{"self":[{"href":"https:\/\/elemente-clemente.de\/en\/wp-json\/wp\/v2\/product\/64707","targetHints":{"allow":["GET"]}}],"collection":[{"href":"https:\/\/elemente-clemente.de\/en\/wp-json\/wp\/v2\/product"}],"about":[{"href":"https:\/\/elemente-clemente.de\/en\/wp-json\/wp\/v2\/types\/product"}],"replies":[{"embeddable":true,"href":"https:\/\/elemente-clemente.de\/en\/wp-json\/wp\/v2\/comments?post=64707"}],"wp:featuredmedia":[{"embeddable":true,"href":"https:\/\/elemente-clemente.de\/en\/wp-json\/wp\/v2\/media\/122468"}],"wp:attachment":[{"href":"https:\/\/elemente-clemente.de\/en\/wp-json\/wp\/v2\/media?parent=64707"}],"wp:term":[{"taxonomy":"product_cat","embeddable":true,"href":"https:\/\/elemente-clemente.de\/en\/wp-json\/wp\/v2\/product_cat?post=64707"},{"taxonomy":"product_tag","embeddable":true,"href":"https:\/\/elemente-clemente.de\/en\/wp-json\/wp\/v2\/product_tag?post=64707"}],"curies":[{"name":"wp","href":"https:\/\/api.w.org\/{rel}","templated":true}]}}