{"id":64595,"date":"2025-02-22T16:35:45","date_gmt":"2025-02-22T15:35:45","guid":{"rendered":"https:\/\/elemente-clemente.de\/?post_type=product&#038;p=64595"},"modified":"2026-04-29T20:44:28","modified_gmt":"2026-04-29T18:44:28","slug":"dress-zombali-fs25-c15d426-123","status":"publish","type":"product","link":"https:\/\/elemente-clemente.de\/en\/shop\/fruehjahr-sommer-2025\/kleid-rock\/dress-zombali-fs25-c15d426-123\/","title":{"rendered":"Kleid Zombali aus 100% Leinen"},"content":{"rendered":"<p class=\"p1\">Langes Kleid im Kaftan-Style<\/p>\n<p>V-Ausschnitt<br \/>Seitliche lange Schlitze<br \/>Teilungsnaht in vorderer Mitte<br \/>3\/4-\u00c4rmel mit kleinen Schlitzen<br \/>Seitennahttaschen<\/p>\n<p>Unser Modell ist 174 cm gro\u00df und tr\u00e4gt Gr\u00f6\u00dfe 1<\/p>\n","protected":false},"excerpt":{"rendered":"<p>Langes Kleid im Kaftan-Style V-AusschnittSeitliche lange SchlitzeTeilungsnaht in vorderer Mitte3\/4-\u00c4rmel mit kleinen SchlitzenSeitennahttaschen Unser Modell ist 174 cm gro\u00df und tr\u00e4gt Gr\u00f6\u00dfe 1<\/p>\n","protected":false},"featured_media":122246,"comment_status":"open","ping_status":"closed","template":"","meta":{"_acf_changed":false},"product_cat":[1083,1087],"product_tag":[],"class_list":{"0":"post-64595","1":"product","2":"type-product","3":"status-publish","4":"has-post-thumbnail","6":"product_cat-fruehjahr-sommer-2025","7":"product_cat-kleid-rock","9":"first","10":"outofstock","11":"sale","12":"taxable","13":"shipping-taxable","14":"purchasable","15":"product-type-variable","16":"wvs-archive-product-wrapper"},"acf":[],"_links":{"self":[{"href":"https:\/\/elemente-clemente.de\/en\/wp-json\/wp\/v2\/product\/64595","targetHints":{"allow":["GET"]}}],"collection":[{"href":"https:\/\/elemente-clemente.de\/en\/wp-json\/wp\/v2\/product"}],"about":[{"href":"https:\/\/elemente-clemente.de\/en\/wp-json\/wp\/v2\/types\/product"}],"replies":[{"embeddable":true,"href":"https:\/\/elemente-clemente.de\/en\/wp-json\/wp\/v2\/comments?post=64595"}],"wp:featuredmedia":[{"embeddable":true,"href":"https:\/\/elemente-clemente.de\/en\/wp-json\/wp\/v2\/media\/122246"}],"wp:attachment":[{"href":"https:\/\/elemente-clemente.de\/en\/wp-json\/wp\/v2\/media?parent=64595"}],"wp:term":[{"taxonomy":"product_cat","embeddable":true,"href":"https:\/\/elemente-clemente.de\/en\/wp-json\/wp\/v2\/product_cat?post=64595"},{"taxonomy":"product_tag","embeddable":true,"href":"https:\/\/elemente-clemente.de\/en\/wp-json\/wp\/v2\/product_tag?post=64595"}],"curies":[{"name":"wp","href":"https:\/\/api.w.org\/{rel}","templated":true}]}}