{"id":64481,"date":"2025-02-21T21:34:05","date_gmt":"2025-02-21T20:34:05","guid":{"rendered":"https:\/\/elemente-clemente.de\/?post_type=product&#038;p=64481"},"modified":"2026-04-29T20:48:39","modified_gmt":"2026-04-29T18:48:39","slug":"dress-gumare-fs25-c15d481-055","status":"publish","type":"product","link":"https:\/\/elemente-clemente.de\/en\/shop\/fruehjahr-sommer-2025\/kleid-rock\/dress-gumare-fs25-c15d481-055\/","title":{"rendered":"Kleid Gumare aus 100% Leinen"},"content":{"rendered":"<p class=\"p1\">Kaftan-Kleid, weit geschnitten mit \u00fcberschnittenen Schultern<\/p>\n<p>V-Ausschnitt,<br \/>lange Schlitze an den Seiten<br \/>zwei seitlichen Eingrifftaschen<\/p>\n<p>Unser Modell ist 176 cm gro\u00df und tr\u00e4gt Gr\u00f6\u00dfe I<\/p>\n","protected":false},"excerpt":{"rendered":"<p>Kaftan-Kleid, weit geschnitten mit \u00fcberschnittenen Schultern V-Ausschnitt,lange Schlitze an den Seitenzwei seitlichen Eingrifftaschen Unser Modell ist 176 cm gro\u00df und tr\u00e4gt Gr\u00f6\u00dfe I<\/p>\n","protected":false},"featured_media":122312,"comment_status":"open","ping_status":"closed","template":"","meta":{"_acf_changed":false},"product_cat":[1083,1087],"product_tag":[],"class_list":{"0":"post-64481","1":"product","2":"type-product","3":"status-publish","4":"has-post-thumbnail","6":"product_cat-fruehjahr-sommer-2025","7":"product_cat-kleid-rock","9":"first","10":"instock","11":"sale","12":"taxable","13":"shipping-taxable","14":"purchasable","15":"product-type-variable","16":"wvs-archive-product-wrapper"},"acf":[],"_links":{"self":[{"href":"https:\/\/elemente-clemente.de\/en\/wp-json\/wp\/v2\/product\/64481","targetHints":{"allow":["GET"]}}],"collection":[{"href":"https:\/\/elemente-clemente.de\/en\/wp-json\/wp\/v2\/product"}],"about":[{"href":"https:\/\/elemente-clemente.de\/en\/wp-json\/wp\/v2\/types\/product"}],"replies":[{"embeddable":true,"href":"https:\/\/elemente-clemente.de\/en\/wp-json\/wp\/v2\/comments?post=64481"}],"wp:featuredmedia":[{"embeddable":true,"href":"https:\/\/elemente-clemente.de\/en\/wp-json\/wp\/v2\/media\/122312"}],"wp:attachment":[{"href":"https:\/\/elemente-clemente.de\/en\/wp-json\/wp\/v2\/media?parent=64481"}],"wp:term":[{"taxonomy":"product_cat","embeddable":true,"href":"https:\/\/elemente-clemente.de\/en\/wp-json\/wp\/v2\/product_cat?post=64481"},{"taxonomy":"product_tag","embeddable":true,"href":"https:\/\/elemente-clemente.de\/en\/wp-json\/wp\/v2\/product_tag?post=64481"}],"curies":[{"name":"wp","href":"https:\/\/api.w.org\/{rel}","templated":true}]}}