{"id":64092,"date":"2025-02-17T15:10:31","date_gmt":"2025-02-17T14:10:31","guid":{"rendered":"https:\/\/elemente-clemente.de\/?post_type=product&#038;p=64092"},"modified":"2026-04-16T20:55:37","modified_gmt":"2026-04-16T18:55:37","slug":"dress-zaris-fs25-c15d413-123","status":"publish","type":"product","link":"https:\/\/elemente-clemente.de\/en\/shop\/fruehjahr-sommer-2025\/kleid-rock\/dress-zaris-fs25-c15d413-123\/","title":{"rendered":"Kleid Zaris aus 100% Leinen"},"content":{"rendered":"<p class=\"p1\">Langes Kleid im Kaftan-Style mit Armaufschlag<\/p>\n<p>V-Ausschnitt<br \/>Seitennahttaschen<br \/>Seitliche Schlitze<br \/>Teilungsnaht in vorderer Mitte<br \/>Unser Modell ist 170cm gro\u00df und tr\u00e4gt Gr\u00f6\u00dfe 1<\/p>\n","protected":false},"excerpt":{"rendered":"<p>Langes Kleid im Kaftan-Style mit Armaufschlag V-AusschnittSeitennahttaschenSeitliche SchlitzeTeilungsnaht in vorderer MitteUnser Modell ist 170cm gro\u00df und tr\u00e4gt Gr\u00f6\u00dfe 1<\/p>\n","protected":false},"featured_media":122190,"comment_status":"open","ping_status":"closed","template":"","meta":{"_acf_changed":false},"product_cat":[1083,1087],"product_tag":[],"class_list":{"0":"post-64092","1":"product","2":"type-product","3":"status-publish","4":"has-post-thumbnail","6":"product_cat-fruehjahr-sommer-2025","7":"product_cat-kleid-rock","9":"first","10":"instock","11":"sale","12":"taxable","13":"shipping-taxable","14":"purchasable","15":"product-type-variable","16":"wvs-archive-product-wrapper"},"acf":[],"_links":{"self":[{"href":"https:\/\/elemente-clemente.de\/en\/wp-json\/wp\/v2\/product\/64092","targetHints":{"allow":["GET"]}}],"collection":[{"href":"https:\/\/elemente-clemente.de\/en\/wp-json\/wp\/v2\/product"}],"about":[{"href":"https:\/\/elemente-clemente.de\/en\/wp-json\/wp\/v2\/types\/product"}],"replies":[{"embeddable":true,"href":"https:\/\/elemente-clemente.de\/en\/wp-json\/wp\/v2\/comments?post=64092"}],"wp:featuredmedia":[{"embeddable":true,"href":"https:\/\/elemente-clemente.de\/en\/wp-json\/wp\/v2\/media\/122190"}],"wp:attachment":[{"href":"https:\/\/elemente-clemente.de\/en\/wp-json\/wp\/v2\/media?parent=64092"}],"wp:term":[{"taxonomy":"product_cat","embeddable":true,"href":"https:\/\/elemente-clemente.de\/en\/wp-json\/wp\/v2\/product_cat?post=64092"},{"taxonomy":"product_tag","embeddable":true,"href":"https:\/\/elemente-clemente.de\/en\/wp-json\/wp\/v2\/product_tag?post=64092"}],"curies":[{"name":"wp","href":"https:\/\/api.w.org\/{rel}","templated":true}]}}