{"id":64032,"date":"2025-02-14T11:46:11","date_gmt":"2025-02-14T10:46:11","guid":{"rendered":"https:\/\/elemente-clemente.de\/?post_type=product&#038;p=64032"},"modified":"2026-04-15T21:21:21","modified_gmt":"2026-04-15T19:21:21","slug":"cardigan-napulan-fs25-c15d669-1092","status":"publish","type":"product","link":"https:\/\/elemente-clemente.de\/en\/shop\/fruehjahr-sommer-2025\/jacke-mantel\/cardigan-napulan-fs25-c15d669-1092\/","title":{"rendered":"Cardigan Napulan aus Hanf mit Bio-Baumwolle"},"content":{"rendered":"<p class=\"p1\">\u00d6kologische, nachhaltige Landwirtschaft in Europa<br \/>Weniger D\u00fcngemittel, Pestizide und Wasser f\u00fcr den Anbau im Vergleich zu Baumwolle<br \/>Unser Modell ist 176 cm gro\u00df und tr\u00e4gt Gr\u00f6\u00dfe 0<\/p>\n","protected":false},"excerpt":{"rendered":"<p>\u00d6kologische, nachhaltige Landwirtschaft in EuropaWeniger D\u00fcngemittel, Pestizide und Wasser f\u00fcr den Anbau im Vergleich zu BaumwolleUnser Modell ist 176 cm gro\u00df und tr\u00e4gt Gr\u00f6\u00dfe 0<\/p>\n","protected":false},"featured_media":122580,"comment_status":"open","ping_status":"closed","template":"","meta":{"_acf_changed":false},"product_cat":[1083,1088],"product_tag":[1039],"class_list":{"0":"post-64032","1":"product","2":"type-product","3":"status-publish","4":"has-post-thumbnail","6":"product_cat-fruehjahr-sommer-2025","7":"product_cat-jacke-mantel","8":"product_tag-hanf","10":"first","11":"instock","12":"sale","13":"taxable","14":"shipping-taxable","15":"purchasable","16":"product-type-variable","17":"wvs-archive-product-wrapper"},"acf":[],"_links":{"self":[{"href":"https:\/\/elemente-clemente.de\/en\/wp-json\/wp\/v2\/product\/64032","targetHints":{"allow":["GET"]}}],"collection":[{"href":"https:\/\/elemente-clemente.de\/en\/wp-json\/wp\/v2\/product"}],"about":[{"href":"https:\/\/elemente-clemente.de\/en\/wp-json\/wp\/v2\/types\/product"}],"replies":[{"embeddable":true,"href":"https:\/\/elemente-clemente.de\/en\/wp-json\/wp\/v2\/comments?post=64032"}],"wp:featuredmedia":[{"embeddable":true,"href":"https:\/\/elemente-clemente.de\/en\/wp-json\/wp\/v2\/media\/122580"}],"wp:attachment":[{"href":"https:\/\/elemente-clemente.de\/en\/wp-json\/wp\/v2\/media?parent=64032"}],"wp:term":[{"taxonomy":"product_cat","embeddable":true,"href":"https:\/\/elemente-clemente.de\/en\/wp-json\/wp\/v2\/product_cat?post=64032"},{"taxonomy":"product_tag","embeddable":true,"href":"https:\/\/elemente-clemente.de\/en\/wp-json\/wp\/v2\/product_tag?post=64032"}],"curies":[{"name":"wp","href":"https:\/\/api.w.org\/{rel}","templated":true}]}}